{"id":2608,"date":"2023-01-27T14:32:20","date_gmt":"2023-01-27T14:32:20","guid":{"rendered":"https:\/\/net-academy.co\/net-academy-cookie-policy\/"},"modified":"2023-01-31T08:01:11","modified_gmt":"2023-01-31T08:01:11","slug":"net-academy-cookie-policy","status":"publish","type":"page","link":"https:\/\/edu.rudetings.com\/de\/net-academy-cookie-policy\/","title":{"rendered":"Cookie Policy"},"content":{"rendered":"<h1><strong>Net Academy&#8217;s Cookie-Richtlinie<\/strong><\/h1>\n<p style=\"text-align: center;\"><span style=\"font-weight: 300;\">wurde zuletzt am 1 January 2023 aktualisiert.<br \/>\n<\/span><\/p>\n<p><span style=\"font-weight: 300;\">\u00a0SHILO INTERNATIONAL LTD ist Eigent\u00fcmer und Betreiber von net-academy.co. In dieser Richtlinie beziehen wir uns auf das Unternehmen als &#8220;net-academy.co&#8221;. Dies ist die Cookie-Richtlinie f\u00fcr net-academy.co, die von net-academy.co aus zug\u00e4nglich ist.<\/span><\/p>\n<h2><span style=\"font-weight: 400;\">Was sind Cookies?<\/span><\/h2>\n<p><span style=\"font-weight: 300;\">Auf allen professionellen Websites ist es \u00fcblich, Cookies zu verwenden. Dabei handelt es sich um kleine Dateien, die auf Ihren Computer heruntergeladen werden. Diese Cookies haben nur ein einziges Ziel: Ihre Erfahrung zu verbessern. Auf dieser Seite werden wir beschreiben, welche Art von Informationen sie sammeln, wie sie verwendet werden und warum wir diese Cookies manchmal speichern m\u00fcssen. Wir teilen Ihnen auch mit, wie Sie die Speicherung dieser Cookies verhindern k\u00f6nnen, was jedoch zu einer Beeintr\u00e4chtigung bestimmter Funktionen der Website f\u00fchren kann.<\/span><\/p>\n<h2><span style=\"font-weight: 400;\">Wie wir Cookies bei Net-Academy.co verwenden<\/span><\/h2>\n<p><span style=\"font-weight: 300;\">Cookies werden aus verschiedenen Gr\u00fcnden verwendet, und wir haben sie alle unten dokumentiert. Leider gibt es in den meisten F\u00e4llen keine branchen\u00fcblichen Optionen zur Deaktivierung von Cookies, ohne die Funktionen und Merkmale, die sie dieser Website hinzuf\u00fcgen, vollst\u00e4ndig zu deaktivieren. Es wird empfohlen, alle Cookies zuzulassen, wenn Sie sich nicht sicher sind, ob Sie sie ben\u00f6tigen oder nicht, falls sie zur Bereitstellung eines von Ihnen genutzten Dienstes verwendet werden.<\/span><\/p>\n<h2><span style=\"font-weight: 400;\">Deaktivieren von Cookies<\/span><\/h2>\n<p><span style=\"font-weight: 300;\">Es steht Ihnen frei, das Setzen von Cookies zu verhindern, indem Sie die Einstellungen Ihres Browsers anpassen (siehe dazu die Hilfe Ihres Browsers). Es ist jedoch wichtig zu beachten, dass durch die Deaktivierung von Cookies die Funktionalit\u00e4t dieser und vieler anderer Websites, die Sie besuchen, beeintr\u00e4chtigt wird. Die Deaktivierung von Cookies f\u00fchrt in der Regel auch zur Deaktivierung bestimmter Funktionen dieser Website, daher wird empfohlen, Cookies nicht zu deaktivieren.<\/span><\/p>\n<h2><span style=\"font-weight: 400;\">Die Cookies, die wir auf Net-Academy.co setzen\u00a0<\/span><\/h2>\n<p><span style=\"font-weight: 300;\">Auf net-academy.co setzen wir mehrere verschiedene Arten von Cookies. Lesen Sie mehr \u00fcber sie unten.<\/span><\/p>\n<h3><span style=\"font-weight: 300;\">Kontobezogene Cookies<\/span><\/h3>\n<p><span style=\"font-weight: 300;\">Wenn Sie ein Konto bei uns anlegen, verwenden wir Cookies f\u00fcr die Verwaltung des Anmeldevorgangs und die allgemeine Verwaltung. Diese Cookies werden in der Regel gel\u00f6scht, wenn Sie sich abmelden. In einigen F\u00e4llen k\u00f6nnen sie jedoch gespeichert bleiben, um Ihre Website-Einstellungen zu speichern, wenn Sie abgemeldet sind.<\/span><\/p>\n<h3><span style=\"font-weight: 300;\">Anmeldebezogene Cookies<\/span><\/h3>\n<p><span style=\"font-weight: 300;\">Wir verwenden Cookies, wenn Sie eingeloggt sind, damit wir sie zu Ihrem Datensatz hinzuf\u00fcgen k\u00f6nnen. So m\u00fcssen Sie sich nicht jedes Mal anmelden, wenn Sie eine neue Seite besuchen. Diese Cookies werden normalerweise entfernt oder gel\u00f6scht, wenn Sie sich abmelden, um sicherzustellen, dass Sie nur auf eingeschr\u00e4nkte Funktionen und Bereiche zugreifen k\u00f6nnen, wenn Sie eingeloggt sind.<\/span><\/p>\n<h3><span style=\"font-weight: 300;\">E-Mail-Newsletter-bezogene Cookies<\/span><\/h3>\n<p><span style=\"font-weight: 300;\">Diese Website bietet Newsletter- oder E-Mail-Abonnementdienste an, und Cookies k\u00f6nnen verwendet werden, um sich zu merken, ob Sie bereits registriert sind und ob bestimmte Benachrichtigungen angezeigt werden sollen, die m\u00f6glicherweise nur f\u00fcr angemeldete\/abgemeldete Benutzer gelten.<\/span><\/p>\n<h3><span style=\"font-weight: 300;\">Umfragebezogene Cookies<\/span><\/h3>\n<p><span style=\"font-weight: 300;\">Von Zeit zu Zeit bieten wir Nutzerumfragen und Frageb\u00f6gen an, um Ihnen interessante Einblicke und hilfreiche Tools zu bieten oder um unsere Nutzerbasis besser zu verstehen. Diese Umfragen k\u00f6nnen Cookies verwenden, um sich daran zu erinnern, wer bereits an einer Umfrage teilgenommen hat, oder um Ihnen genaue Ergebnisse zu liefern, nachdem Sie die Seiten gewechselt haben.<\/span><\/p>\n<h3><span style=\"font-weight: 300;\">Formulare Verwandte Cookies<\/span><\/h3>\n<p><span style=\"font-weight: 300;\">F\u00fcr zuk\u00fcnftige Korrespondenz, wenn Sie Daten \u00fcber ein Formular \u00fcbermitteln, wie z. B. auf Kontaktseiten oder Kommentarformularen, k\u00f6nnen formularbezogene Cookies gesetzt werden, um Ihre Benutzerdaten zu speichern.<\/span><\/p>\n<h3><span style=\"font-weight: 300;\">Website-Pr\u00e4ferenzen Cookies<\/span><\/h3>\n<p><span style=\"font-weight: 300;\">Um Ihnen einen angenehmen Aufenthalt auf dieser Website zu erm\u00f6glichen, bieten wir Ihnen die M\u00f6glichkeit, Ihre Pr\u00e4ferenzen f\u00fcr die Nutzung dieser Website festzulegen. Damit wir uns Ihre Pr\u00e4ferenzen merken k\u00f6nnen, m\u00fcssen wir Cookies setzen, damit diese Informationen abgerufen werden k\u00f6nnen, wenn Sie mit einer Seite interagieren. Die besagte Seite wird dann durch Ihre Pr\u00e4ferenzen beeinflusst.<\/span><\/p>\n<h2><span style=\"font-weight: 400;\">Cookies von Dritten<\/span><\/h2>\n<p><span style=\"font-weight: 300;\">Wenn es notwendig ist, verwenden wir auch Cookies von vertrauensw\u00fcrdigen Dritten. Der folgende Abschnitt beschreibt, welche Cookies von Dritten Sie auf dieser Website finden k\u00f6nnen.<\/span><\/p>\n<p><span style=\"font-weight: 300;\">Diese Website verwendet Google Analytics, eine der am weitesten verbreiteten und vertrauensw\u00fcrdigen Analysel\u00f6sungen im Internet, die uns hilft zu verstehen, wie Sie die Website nutzen und wie wir Ihre Erfahrung verbessern k\u00f6nnen. Diese Cookies k\u00f6nnen Dinge wie Ihre Verweildauer auf der Website und die von Ihnen besuchten Seiten aufzeichnen, damit wir weiterhin ansprechende Inhalte erstellen und verstehen k\u00f6nnen, wie wir die Website f\u00fcr Sie verbessern k\u00f6nnen.<\/span><\/p>\n<p><span style=\"font-weight: 300;\">Weitere Informationen zu Google Analytics-Cookies finden Sie auf der offiziellen Google Analytics-Seite.<\/span><\/p>\n<p><span style=\"font-weight: 300;\">Analysen von Drittanbietern werden verwendet, um die Nutzung dieser Website zu verfolgen und zu messen, damit wir weiterhin ansprechende Inhalte produzieren k\u00f6nnen.<\/span><\/p>\n<p><span style=\"font-weight: 300;\">Von Zeit zu Zeit testen wir neue Funktionen und nehmen geringf\u00fcgige \u00c4nderungen an der Art und Weise vor, wie die Website bereitgestellt wird. Wenn wir noch neue Funktionen testen, k\u00f6nnen diese Cookies verwendet werden, um sicherzustellen, dass Sie auf der Website ein einheitliches Erlebnis haben, und um zu verstehen, welche Optimierungen unsere Nutzer am meisten sch\u00e4tzen.<\/span><\/p>\n<p><span style=\"font-weight: 300;\">Da wir Produkte verkaufen, ist es f\u00fcr uns wichtig, Statistiken dar\u00fcber zu erstellen, wie viele der Besucher unserer Website tats\u00e4chlich einen Kauf t\u00e4tigen. Dies ist wichtig f\u00fcr Sie, da es bedeutet, dass wir genaue Gesch\u00e4ftsprognosen machen k\u00f6nnen, die es uns erm\u00f6glichen, unsere Werbe- und Produktkosten zu \u00fcberwachen, um den bestm\u00f6glichen Preis zu gew\u00e4hrleisten. Wir verwenden Anzeigen, um die Kosten f\u00fcr den Betrieb dieser Website auszugleichen und Mittel f\u00fcr die weitere Entwicklung bereitzustellen. Um sicherzustellen, dass wir nur relevante Werbung anbieten, verwenden wir Cookies f\u00fcr verhaltensbasierte Werbung, die anonym Ihre Interessen verfolgen und \u00e4hnliche Dinge pr\u00e4sentieren, die von Interesse sein k\u00f6nnten.<\/span><\/p>\n<p><span style=\"font-weight: 300;\">Mehrere Partner werben in unserem Namen, und mit Hilfe von Cookies zur Nachverfolgung von Partnerschaften k\u00f6nnen wir einfach feststellen, ob unsere Kunden \u00fcber eine unserer Partner-Websites auf die Website gekommen sind, damit wir ihnen eine entsprechende Gutschrift erteilen k\u00f6nnen, und gegebenenfalls unseren Partner-Partnern erm\u00f6glichen, Ihnen einen Bonus f\u00fcr einen Kauf zu gew\u00e4hren.<\/span><\/p>\n<p><span style=\"font-weight: 300;\">Wir verwenden auch Schaltfl\u00e4chen und\/oder Plugins f\u00fcr soziale Medien auf dieser Website, die es Ihnen erm\u00f6glichen, sich auf verschiedene Weise mit Ihrem sozialen Netzwerk zu verbinden. Damit diese funktionieren, werden die folgenden Social-Media-Websites verwendet, einschlie\u00dflich, aber nicht beschr\u00e4nkt auf Facebook, Instagram, YouTube, usw. Wir setzen \u00fcber unsere Website Cookies, die dazu verwendet werden k\u00f6nnen, Ihr Profil auf deren Website zu verbessern oder zu den Daten beizutragen, die sie f\u00fcr verschiedene Zwecke speichern, die in ihren jeweiligen Datenschutzrichtlinien beschrieben sind.<\/span><\/p>\n<h2><span style=\"font-weight: 400;\">Weitere Informationen<\/span><\/h2>\n<p><span style=\"font-weight: 300;\">Wir haben unser Bestes getan, um die Funktionsweise unserer Cookies f\u00fcr Sie zu vereinfachen und zu erl\u00e4utern. Wie bereits erw\u00e4hnt, ist es in der Regel sicherer, die Cookies aktiviert zu lassen, wenn Sie sich nicht sicher sind, ob Sie sie ben\u00f6tigen oder nicht, f\u00fcr den Fall, dass sie mit einer der Funktionen, die Sie auf unserer Website nutzen, interagieren.<\/span><\/p>\n<p><span style=\"font-weight: 300;\">Weitere allgemeine Informationen \u00fcber Cookies finden Sie bei Google unter &#8220;Was sind Cookies&#8221;.<\/span><\/p>\n<p><span style=\"font-weight: 300;\">Wenn Sie jedoch noch weitere Informationen w\u00fcnschen, k\u00f6nnen Sie uns \u00fcber eine unserer bevorzugten Kontaktmethoden kontaktieren:<\/span><\/p>\n<p><span style=\"font-weight: 300;\">E-Mail<\/span>: <a href=\"mailto:privacy@net-academy.co\">privacy@net-academy.co<\/a><\/p>\n<p><span style=\"font-weight: 300;\">Wenn Sie wissen m\u00f6chten, wie wir Ihre pers\u00f6nlichen Daten sch\u00fctzen, lesen Sie bitte unsere<\/span> <a href=\"https:\/\/net-academy.co\/de\/privacy-policy\/\"><span style=\"font-weight: 300;\">Datenschutzrichtlinie<\/span><\/a>.<\/p>\n","protected":false},"excerpt":{"rendered":"<p>Net Academy&#8217;s Cookie-Richtlinie wurde zuletzt am 1 January 2023 aktualisiert. \u00a0SHILO INTERNATIONAL LTD ist Eigent\u00fcmer und Betreiber von net-academy.co. In dieser Richtlinie beziehen wir uns auf das Unternehmen als &#8220;net-academy.co&#8221;. Dies ist die Cookie-Richtlinie f\u00fcr net-academy.co, die von net-academy.co aus zug\u00e4nglich ist. Was sind Cookies? Auf allen professionellen Websites ist es \u00fcblich, Cookies zu verwenden. [&hellip;]<\/p>\n","protected":false},"author":25,"featured_media":0,"parent":0,"menu_order":0,"comment_status":"closed","ping_status":"closed","template":"","meta":{"footnotes":""},"class_list":["post-2608","page","type-page","status-publish","hentry"],"yoast_head":"<!-- This site is optimized with the Yoast SEO plugin v20.0 - https:\/\/yoast.com\/wordpress\/plugins\/seo\/ -->\n<title>Net Academy | Cookie-Richtlinie<\/title>\n<meta name=\"description\" content=\"Nehmen Sie sich einen Moment Zeit und lesen Sie unsere Cookie-Richtlinie, um Ihre Rechte und Pflichten zu verstehen\" \/>\n<meta name=\"robots\" content=\"noindex, follow, max-snippet:-1, max-image-preview:large, max-video-preview:-1\" \/>\n<meta property=\"og:locale\" content=\"de_DE\" \/>\n<meta property=\"og:type\" content=\"article\" \/>\n<meta property=\"og:title\" content=\"Net Academy | Cookie-Richtlinie\" \/>\n<meta property=\"og:description\" content=\"Nehmen Sie sich einen Moment Zeit und lesen Sie unsere Cookie-Richtlinie, um Ihre Rechte und Pflichten zu verstehen\" \/>\n<meta property=\"og:url\" content=\"https:\/\/net-academy.co\/de\/net-academy-cookie-policy\/\" \/>\n<meta property=\"og:site_name\" content=\"Net Academy\" \/>\n<meta property=\"article:modified_time\" content=\"2023-01-31T08:01:11+00:00\" \/>\n<meta name=\"twitter:card\" content=\"summary_large_image\" \/>\n<meta name=\"twitter:title\" content=\"Net Academy | Cookie-Richtlinie\" \/>\n<meta name=\"twitter:description\" content=\"Nehmen Sie sich einen Moment Zeit und lesen Sie unsere Cookie-Richtlinie, um Ihre Rechte und Pflichten zu verstehen\" \/>\n<meta name=\"twitter:label1\" content=\"Gesch\u00e4tzte Lesezeit\" \/>\n\t<meta name=\"twitter:data1\" content=\"5\u00a0Minuten\" \/>\n<script type=\"application\/ld+json\" class=\"yoast-schema-graph\">{\"@context\":\"https:\/\/schema.org\",\"@graph\":[{\"@type\":\"WebPage\",\"@id\":\"https:\/\/net-academy.co\/de\/net-academy-cookie-policy\/\",\"url\":\"https:\/\/net-academy.co\/de\/net-academy-cookie-policy\/\",\"name\":\"Net Academy | Cookie-Richtlinie\",\"isPartOf\":{\"@id\":\"https:\/\/net-academy.co\/#website\"},\"datePublished\":\"2023-01-27T14:32:20+00:00\",\"dateModified\":\"2023-01-31T08:01:11+00:00\",\"description\":\"Nehmen Sie sich einen Moment Zeit und lesen Sie unsere Cookie-Richtlinie, um Ihre Rechte und Pflichten zu verstehen\",\"breadcrumb\":{\"@id\":\"https:\/\/net-academy.co\/de\/net-academy-cookie-policy\/#breadcrumb\"},\"inLanguage\":\"de\",\"potentialAction\":[{\"@type\":\"ReadAction\",\"target\":[\"https:\/\/net-academy.co\/de\/net-academy-cookie-policy\/\"]}]},{\"@type\":\"BreadcrumbList\",\"@id\":\"https:\/\/net-academy.co\/de\/net-academy-cookie-policy\/#breadcrumb\",\"itemListElement\":[{\"@type\":\"ListItem\",\"position\":1,\"name\":\"Home\",\"item\":\"https:\/\/net-academy.co\/de\/\"},{\"@type\":\"ListItem\",\"position\":2,\"name\":\"Cookie Policy\"}]},{\"@type\":\"WebSite\",\"@id\":\"https:\/\/net-academy.co\/#website\",\"url\":\"https:\/\/net-academy.co\/\",\"name\":\"Net Academy\",\"description\":\"\",\"potentialAction\":[{\"@type\":\"SearchAction\",\"target\":{\"@type\":\"EntryPoint\",\"urlTemplate\":\"https:\/\/net-academy.co\/?s={search_term_string}\"},\"query-input\":\"required name=search_term_string\"}],\"inLanguage\":\"de\"}]}<\/script>\n<!-- \/ Yoast SEO plugin. -->","yoast_head_json":{"title":"Net Academy | Cookie-Richtlinie","description":"Nehmen Sie sich einen Moment Zeit und lesen Sie unsere Cookie-Richtlinie, um Ihre Rechte und Pflichten zu verstehen","robots":{"index":"noindex","follow":"follow","max-snippet":"max-snippet:-1","max-image-preview":"max-image-preview:large","max-video-preview":"max-video-preview:-1"},"og_locale":"de_DE","og_type":"article","og_title":"Net Academy | Cookie-Richtlinie","og_description":"Nehmen Sie sich einen Moment Zeit und lesen Sie unsere Cookie-Richtlinie, um Ihre Rechte und Pflichten zu verstehen","og_url":"https:\/\/net-academy.co\/de\/net-academy-cookie-policy\/","og_site_name":"Net Academy","article_modified_time":"2023-01-31T08:01:11+00:00","twitter_card":"summary_large_image","twitter_title":"Net Academy | Cookie-Richtlinie","twitter_description":"Nehmen Sie sich einen Moment Zeit und lesen Sie unsere Cookie-Richtlinie, um Ihre Rechte und Pflichten zu verstehen","twitter_misc":{"Gesch\u00e4tzte Lesezeit":"5\u00a0Minuten"},"schema":{"@context":"https:\/\/schema.org","@graph":[{"@type":"WebPage","@id":"https:\/\/net-academy.co\/de\/net-academy-cookie-policy\/","url":"https:\/\/net-academy.co\/de\/net-academy-cookie-policy\/","name":"Net Academy | Cookie-Richtlinie","isPartOf":{"@id":"https:\/\/net-academy.co\/#website"},"datePublished":"2023-01-27T14:32:20+00:00","dateModified":"2023-01-31T08:01:11+00:00","description":"Nehmen Sie sich einen Moment Zeit und lesen Sie unsere Cookie-Richtlinie, um Ihre Rechte und Pflichten zu verstehen","breadcrumb":{"@id":"https:\/\/net-academy.co\/de\/net-academy-cookie-policy\/#breadcrumb"},"inLanguage":"de","potentialAction":[{"@type":"ReadAction","target":["https:\/\/net-academy.co\/de\/net-academy-cookie-policy\/"]}]},{"@type":"BreadcrumbList","@id":"https:\/\/net-academy.co\/de\/net-academy-cookie-policy\/#breadcrumb","itemListElement":[{"@type":"ListItem","position":1,"name":"Home","item":"https:\/\/net-academy.co\/de\/"},{"@type":"ListItem","position":2,"name":"Cookie Policy"}]},{"@type":"WebSite","@id":"https:\/\/net-academy.co\/#website","url":"https:\/\/net-academy.co\/","name":"Net Academy","description":"","potentialAction":[{"@type":"SearchAction","target":{"@type":"EntryPoint","urlTemplate":"https:\/\/net-academy.co\/?s={search_term_string}"},"query-input":"required name=search_term_string"}],"inLanguage":"de"}]}},"_links":{"self":[{"href":"https:\/\/edu.rudetings.com\/de\/wp-json\/wp\/v2\/pages\/2608","targetHints":{"allow":["GET"]}}],"collection":[{"href":"https:\/\/edu.rudetings.com\/de\/wp-json\/wp\/v2\/pages"}],"about":[{"href":"https:\/\/edu.rudetings.com\/de\/wp-json\/wp\/v2\/types\/page"}],"author":[{"embeddable":true,"href":"https:\/\/edu.rudetings.com\/de\/wp-json\/wp\/v2\/users\/25"}],"replies":[{"embeddable":true,"href":"https:\/\/edu.rudetings.com\/de\/wp-json\/wp\/v2\/comments?post=2608"}],"version-history":[{"count":2,"href":"https:\/\/edu.rudetings.com\/de\/wp-json\/wp\/v2\/pages\/2608\/revisions"}],"predecessor-version":[{"id":2610,"href":"https:\/\/edu.rudetings.com\/de\/wp-json\/wp\/v2\/pages\/2608\/revisions\/2610"}],"wp:attachment":[{"href":"https:\/\/edu.rudetings.com\/de\/wp-json\/wp\/v2\/media?parent=2608"}],"curies":[{"name":"wp","href":"https:\/\/api.w.org\/{rel}","templated":true}]}}