{"id":2613,"date":"2022-01-28T12:54:49","date_gmt":"2022-01-28T12:54:49","guid":{"rendered":"https:\/\/net-academy.co\/refund_returns\/"},"modified":"2023-01-31T14:04:29","modified_gmt":"2023-01-31T14:04:29","slug":"refund_returns","status":"publish","type":"page","link":"https:\/\/edu.rudetings.com\/de\/refund_returns\/","title":{"rendered":"Refund and Returns Policy"},"content":{"rendered":"\r\n<h1><strong>Net Academy&#8217;s R\u00fcckerstattungsrichtlinie<\/strong><\/h1>\r\n\r\n\r\n\r\n<p style=\"text-align: center;\"><span style=\"font-weight: 300;\">wurde zuletzt am 1 January 2023 aktualisiert.<\/span><\/p>\r\n\r\n\r\n\r\n<p><span style=\"font-weight: 300;\">Wir danken Ihnen f\u00fcr Ihren Kauf. Wir hoffen, dass Sie mit Ihrem Kauf zufrieden sind. Sollten Sie jedoch aus irgendeinem Grund mit Ihrem Kauf nicht zufrieden sein, k\u00f6nnen Sie ihn gegen volle R\u00fcckerstattung des Kaufpreises an uns zur\u00fcckgeben. Weitere Informationen zu unseren R\u00fcckerstattungsrichtlinien finden Sie unten.<\/span><\/p>\r\n\r\n\r\n\r\n<h2><strong>Erstattungen<\/strong><\/h2>\r\n\r\n\r\n\r\n<p><span style=\"font-weight: 300;\">Alle R\u00fcckerstattungen m\u00fcssen innerhalb von vierzehn (14) Tagen nach dem Kaufdatum abgestempelt werden. Alle erstatteten Artikel m\u00fcssen in neuem und unbenutztem Zustand sein.<\/span><\/p>\r\n\r\n\r\n\r\n<h2><strong>Erstattungsprozess<\/strong><\/h2>\r\n<p>\r\n\r\n<\/p>\r\n<p><span style=\"font-weight: 300;\">Nachdem wir Ihre Anfrage per E-Mail an finance@net-academy.co erhalten haben, werden wir Ihre R\u00fcckerstattung bearbeiten. Bitte erlauben Sie mindestens drei (3) Tage ab Erhalt Ihrer Anfrage, um Ihre R\u00fccksendung zu bearbeiten.<\/span><\/p>\r\n<p><span style=\"font-weight: 300;\">Abh\u00e4ngig von Ihrem Kreditkartenunternehmen kann es 3-4 Abrechnungszyklen dauern, bis R\u00fcckerstattungen auf Ihrer Kreditkartenabrechnung erscheinen.<\/span><\/p>\r\n<h2><strong>Fragen<\/strong><\/h2>\r\n<p>\r\n\r\n<\/p>\r\n<p><span style=\"font-weight: 300;\">Wenn Sie Fragen zu unserer R\u00fcckerstattungspolitik haben, kontaktieren Sie uns bitte unter:<\/span><\/p>\r\n<p><a href=\"tel:+442045866210\">+44 204 586 6210<\/a><\/p>\r\n<p><a href=\"mailto:support@net-academy.co\">support@net-academy.co<\/a><\/p>\r\n<p>&nbsp;<\/p>\r\n","protected":false},"excerpt":{"rendered":"<p>Net Academy&#8217;s R\u00fcckerstattungsrichtlinie wurde zuletzt am 1 January 2023 aktualisiert. Wir danken Ihnen f\u00fcr Ihren Kauf. Wir hoffen, dass Sie mit Ihrem Kauf zufrieden sind. Sollten Sie jedoch aus irgendeinem Grund mit Ihrem Kauf nicht zufrieden sein, k\u00f6nnen Sie ihn gegen volle R\u00fcckerstattung des Kaufpreises an uns zur\u00fcckgeben. Weitere Informationen zu unseren R\u00fcckerstattungsrichtlinien finden Sie [&hellip;]<\/p>\n","protected":false},"author":66,"featured_media":0,"parent":0,"menu_order":0,"comment_status":"closed","ping_status":"closed","template":"","meta":{"footnotes":""},"class_list":["post-2613","page","type-page","status-publish","hentry"],"yoast_head":"<!-- This site is optimized with the Yoast SEO plugin v20.0 - https:\/\/yoast.com\/wordpress\/plugins\/seo\/ -->\n<title>Net Academy | Erstattungsrichtlinie<\/title>\n<meta name=\"description\" content=\"Bitte lesen Sie diese R\u00fcckerstattungsrichtlinien, um zu verstehen, ob Sie berechtigt sind, eine R\u00fcckerstattung f\u00fcr Ihren Kauf zu erhalten.\" \/>\n<meta name=\"robots\" content=\"noindex, follow, max-snippet:-1, max-image-preview:large, max-video-preview:-1\" \/>\n<meta property=\"og:locale\" content=\"de_DE\" \/>\n<meta property=\"og:type\" content=\"article\" \/>\n<meta property=\"og:title\" content=\"Net Academy | Erstattungsrichtlinie\" \/>\n<meta property=\"og:description\" content=\"Bitte lesen Sie diese R\u00fcckerstattungsrichtlinien, um zu verstehen, ob Sie berechtigt sind, eine R\u00fcckerstattung f\u00fcr Ihren Kauf zu erhalten.\" \/>\n<meta property=\"og:url\" content=\"https:\/\/net-academy.co\/de\/refund_returns\/\" \/>\n<meta property=\"og:site_name\" content=\"Net Academy\" \/>\n<meta property=\"article:modified_time\" content=\"2023-01-31T14:04:29+00:00\" \/>\n<meta name=\"twitter:card\" content=\"summary_large_image\" \/>\n<meta name=\"twitter:title\" content=\"Net Academy | Erstattungsrichtlinie\" \/>\n<meta name=\"twitter:description\" content=\"Bitte lesen Sie diese R\u00fcckerstattungsrichtlinien, um zu verstehen, ob Sie berechtigt sind, eine R\u00fcckerstattung f\u00fcr Ihren Kauf zu erhalten.\" \/>\n<meta name=\"twitter:label1\" content=\"Gesch\u00e4tzte Lesezeit\" \/>\n\t<meta name=\"twitter:data1\" content=\"1\u00a0Minute\" \/>\n<script type=\"application\/ld+json\" class=\"yoast-schema-graph\">{\"@context\":\"https:\/\/schema.org\",\"@graph\":[{\"@type\":\"WebPage\",\"@id\":\"https:\/\/net-academy.co\/de\/refund_returns\/\",\"url\":\"https:\/\/net-academy.co\/de\/refund_returns\/\",\"name\":\"Net Academy | Erstattungsrichtlinie\",\"isPartOf\":{\"@id\":\"https:\/\/net-academy.co\/#website\"},\"datePublished\":\"2022-01-28T12:54:49+00:00\",\"dateModified\":\"2023-01-31T14:04:29+00:00\",\"description\":\"Bitte lesen Sie diese R\u00fcckerstattungsrichtlinien, um zu verstehen, ob Sie berechtigt sind, eine R\u00fcckerstattung f\u00fcr Ihren Kauf zu erhalten.\",\"breadcrumb\":{\"@id\":\"https:\/\/net-academy.co\/de\/refund_returns\/#breadcrumb\"},\"inLanguage\":\"de\",\"potentialAction\":[{\"@type\":\"ReadAction\",\"target\":[\"https:\/\/net-academy.co\/de\/refund_returns\/\"]}]},{\"@type\":\"BreadcrumbList\",\"@id\":\"https:\/\/net-academy.co\/de\/refund_returns\/#breadcrumb\",\"itemListElement\":[{\"@type\":\"ListItem\",\"position\":1,\"name\":\"Home\",\"item\":\"https:\/\/net-academy.co\/de\/\"},{\"@type\":\"ListItem\",\"position\":2,\"name\":\"Refund and Returns Policy\"}]},{\"@type\":\"WebSite\",\"@id\":\"https:\/\/net-academy.co\/#website\",\"url\":\"https:\/\/net-academy.co\/\",\"name\":\"Net Academy\",\"description\":\"\",\"potentialAction\":[{\"@type\":\"SearchAction\",\"target\":{\"@type\":\"EntryPoint\",\"urlTemplate\":\"https:\/\/net-academy.co\/?s={search_term_string}\"},\"query-input\":\"required name=search_term_string\"}],\"inLanguage\":\"de\"}]}<\/script>\n<!-- \/ Yoast SEO plugin. -->","yoast_head_json":{"title":"Net Academy | Erstattungsrichtlinie","description":"Bitte lesen Sie diese R\u00fcckerstattungsrichtlinien, um zu verstehen, ob Sie berechtigt sind, eine R\u00fcckerstattung f\u00fcr Ihren Kauf zu erhalten.","robots":{"index":"noindex","follow":"follow","max-snippet":"max-snippet:-1","max-image-preview":"max-image-preview:large","max-video-preview":"max-video-preview:-1"},"og_locale":"de_DE","og_type":"article","og_title":"Net Academy | Erstattungsrichtlinie","og_description":"Bitte lesen Sie diese R\u00fcckerstattungsrichtlinien, um zu verstehen, ob Sie berechtigt sind, eine R\u00fcckerstattung f\u00fcr Ihren Kauf zu erhalten.","og_url":"https:\/\/net-academy.co\/de\/refund_returns\/","og_site_name":"Net Academy","article_modified_time":"2023-01-31T14:04:29+00:00","twitter_card":"summary_large_image","twitter_title":"Net Academy | Erstattungsrichtlinie","twitter_description":"Bitte lesen Sie diese R\u00fcckerstattungsrichtlinien, um zu verstehen, ob Sie berechtigt sind, eine R\u00fcckerstattung f\u00fcr Ihren Kauf zu erhalten.","twitter_misc":{"Gesch\u00e4tzte Lesezeit":"1\u00a0Minute"},"schema":{"@context":"https:\/\/schema.org","@graph":[{"@type":"WebPage","@id":"https:\/\/net-academy.co\/de\/refund_returns\/","url":"https:\/\/net-academy.co\/de\/refund_returns\/","name":"Net Academy | Erstattungsrichtlinie","isPartOf":{"@id":"https:\/\/net-academy.co\/#website"},"datePublished":"2022-01-28T12:54:49+00:00","dateModified":"2023-01-31T14:04:29+00:00","description":"Bitte lesen Sie diese R\u00fcckerstattungsrichtlinien, um zu verstehen, ob Sie berechtigt sind, eine R\u00fcckerstattung f\u00fcr Ihren Kauf zu erhalten.","breadcrumb":{"@id":"https:\/\/net-academy.co\/de\/refund_returns\/#breadcrumb"},"inLanguage":"de","potentialAction":[{"@type":"ReadAction","target":["https:\/\/net-academy.co\/de\/refund_returns\/"]}]},{"@type":"BreadcrumbList","@id":"https:\/\/net-academy.co\/de\/refund_returns\/#breadcrumb","itemListElement":[{"@type":"ListItem","position":1,"name":"Home","item":"https:\/\/net-academy.co\/de\/"},{"@type":"ListItem","position":2,"name":"Refund and Returns Policy"}]},{"@type":"WebSite","@id":"https:\/\/net-academy.co\/#website","url":"https:\/\/net-academy.co\/","name":"Net Academy","description":"","potentialAction":[{"@type":"SearchAction","target":{"@type":"EntryPoint","urlTemplate":"https:\/\/net-academy.co\/?s={search_term_string}"},"query-input":"required name=search_term_string"}],"inLanguage":"de"}]}},"_links":{"self":[{"href":"https:\/\/edu.rudetings.com\/de\/wp-json\/wp\/v2\/pages\/2613","targetHints":{"allow":["GET"]}}],"collection":[{"href":"https:\/\/edu.rudetings.com\/de\/wp-json\/wp\/v2\/pages"}],"about":[{"href":"https:\/\/edu.rudetings.com\/de\/wp-json\/wp\/v2\/types\/page"}],"author":[{"embeddable":true,"href":"https:\/\/edu.rudetings.com\/de\/wp-json\/wp\/v2\/users\/66"}],"replies":[{"embeddable":true,"href":"https:\/\/edu.rudetings.com\/de\/wp-json\/wp\/v2\/comments?post=2613"}],"version-history":[{"count":4,"href":"https:\/\/edu.rudetings.com\/de\/wp-json\/wp\/v2\/pages\/2613\/revisions"}],"predecessor-version":[{"id":2669,"href":"https:\/\/edu.rudetings.com\/de\/wp-json\/wp\/v2\/pages\/2613\/revisions\/2669"}],"wp:attachment":[{"href":"https:\/\/edu.rudetings.com\/de\/wp-json\/wp\/v2\/media?parent=2613"}],"curies":[{"name":"wp","href":"https:\/\/api.w.org\/{rel}","templated":true}]}}