{"id":379,"date":"2022-02-01T08:49:52","date_gmt":"2022-02-01T08:49:52","guid":{"rendered":"https:\/\/net-academy.co\/contact-us\/"},"modified":"2023-01-31T07:47:53","modified_gmt":"2023-01-31T07:47:53","slug":"contact-us","status":"publish","type":"page","link":"https:\/\/edu.rudetings.com\/de\/contact-us\/","title":{"rendered":"Contact us"},"content":{"rendered":"","protected":false},"excerpt":{"rendered":"","protected":false},"author":66,"featured_media":0,"parent":0,"menu_order":0,"comment_status":"closed","ping_status":"closed","template":"page-contact.php","meta":{"footnotes":""},"class_list":["post-379","page","type-page","status-publish","hentry"],"yoast_head":"<!-- This site is optimized with the Yoast SEO plugin v20.0 - https:\/\/yoast.com\/wordpress\/plugins\/seo\/ -->\n<title>Brauchen Sie Hilfe? Hier sind Sie richtig - Net Academy<\/title>\n<meta name=\"description\" content=\"Wir w\u00fcrden gerne von Ihnen h\u00f6ren! Egal, ob Sie eine Frage haben oder uns einfach nur ein Loblied singen wollen, unten finden Sie verschiedene M\u00f6glichkeiten, uns zu erreichen.\" \/>\n<meta name=\"robots\" content=\"noindex, follow, max-snippet:-1, max-image-preview:large, max-video-preview:-1\" \/>\n<meta property=\"og:locale\" content=\"de_DE\" \/>\n<meta property=\"og:type\" content=\"article\" \/>\n<meta property=\"og:title\" content=\"Brauchen Sie Hilfe? Hier sind Sie richtig - Net Academy\" \/>\n<meta property=\"og:description\" content=\"Wir w\u00fcrden gerne von Ihnen h\u00f6ren! Egal, ob Sie eine Frage haben oder uns einfach nur ein Loblied singen wollen, unten finden Sie verschiedene M\u00f6glichkeiten, uns zu erreichen.\" \/>\n<meta property=\"og:url\" content=\"https:\/\/net-academy.co\/de\/contact-us\/\" \/>\n<meta property=\"og:site_name\" content=\"Net Academy\" \/>\n<meta property=\"article:modified_time\" content=\"2023-01-31T07:47:53+00:00\" \/>\n<meta name=\"twitter:card\" content=\"summary_large_image\" \/>\n<meta name=\"twitter:title\" content=\"Brauchen Sie Hilfe? Hier sind Sie richtig - Net Academy\" \/>\n<meta name=\"twitter:description\" content=\"Wir w\u00fcrden gerne von Ihnen h\u00f6ren! Egal, ob Sie eine Frage haben oder uns einfach nur ein Loblied singen wollen, unten finden Sie verschiedene M\u00f6glichkeiten, uns zu erreichen.\" \/>\n<script type=\"application\/ld+json\" class=\"yoast-schema-graph\">{\"@context\":\"https:\/\/schema.org\",\"@graph\":[{\"@type\":\"WebPage\",\"@id\":\"https:\/\/net-academy.co\/de\/contact-us\/\",\"url\":\"https:\/\/net-academy.co\/de\/contact-us\/\",\"name\":\"Brauchen Sie Hilfe? Hier sind Sie richtig - Net Academy\",\"isPartOf\":{\"@id\":\"https:\/\/net-academy.co\/#website\"},\"datePublished\":\"2022-02-01T08:49:52+00:00\",\"dateModified\":\"2023-01-31T07:47:53+00:00\",\"description\":\"Wir w\u00fcrden gerne von Ihnen h\u00f6ren! Egal, ob Sie eine Frage haben oder uns einfach nur ein Loblied singen wollen, unten finden Sie verschiedene M\u00f6glichkeiten, uns zu erreichen.\",\"breadcrumb\":{\"@id\":\"https:\/\/net-academy.co\/de\/contact-us\/#breadcrumb\"},\"inLanguage\":\"de\",\"potentialAction\":[{\"@type\":\"ReadAction\",\"target\":[\"https:\/\/net-academy.co\/de\/contact-us\/\"]}]},{\"@type\":\"BreadcrumbList\",\"@id\":\"https:\/\/net-academy.co\/de\/contact-us\/#breadcrumb\",\"itemListElement\":[{\"@type\":\"ListItem\",\"position\":1,\"name\":\"Home\",\"item\":\"https:\/\/net-academy.co\/de\/\"},{\"@type\":\"ListItem\",\"position\":2,\"name\":\"Contact us\"}]},{\"@type\":\"WebSite\",\"@id\":\"https:\/\/net-academy.co\/#website\",\"url\":\"https:\/\/net-academy.co\/\",\"name\":\"Net Academy\",\"description\":\"\",\"potentialAction\":[{\"@type\":\"SearchAction\",\"target\":{\"@type\":\"EntryPoint\",\"urlTemplate\":\"https:\/\/net-academy.co\/?s={search_term_string}\"},\"query-input\":\"required name=search_term_string\"}],\"inLanguage\":\"de\"}]}<\/script>\n<!-- \/ Yoast SEO plugin. -->","yoast_head_json":{"title":"Brauchen Sie Hilfe? Hier sind Sie richtig - Net Academy","description":"Wir w\u00fcrden gerne von Ihnen h\u00f6ren! Egal, ob Sie eine Frage haben oder uns einfach nur ein Loblied singen wollen, unten finden Sie verschiedene M\u00f6glichkeiten, uns zu erreichen.","robots":{"index":"noindex","follow":"follow","max-snippet":"max-snippet:-1","max-image-preview":"max-image-preview:large","max-video-preview":"max-video-preview:-1"},"og_locale":"de_DE","og_type":"article","og_title":"Brauchen Sie Hilfe? Hier sind Sie richtig - Net Academy","og_description":"Wir w\u00fcrden gerne von Ihnen h\u00f6ren! Egal, ob Sie eine Frage haben oder uns einfach nur ein Loblied singen wollen, unten finden Sie verschiedene M\u00f6glichkeiten, uns zu erreichen.","og_url":"https:\/\/net-academy.co\/de\/contact-us\/","og_site_name":"Net Academy","article_modified_time":"2023-01-31T07:47:53+00:00","twitter_card":"summary_large_image","twitter_title":"Brauchen Sie Hilfe? Hier sind Sie richtig - Net Academy","twitter_description":"Wir w\u00fcrden gerne von Ihnen h\u00f6ren! Egal, ob Sie eine Frage haben oder uns einfach nur ein Loblied singen wollen, unten finden Sie verschiedene M\u00f6glichkeiten, uns zu erreichen.","schema":{"@context":"https:\/\/schema.org","@graph":[{"@type":"WebPage","@id":"https:\/\/net-academy.co\/de\/contact-us\/","url":"https:\/\/net-academy.co\/de\/contact-us\/","name":"Brauchen Sie Hilfe? Hier sind Sie richtig - Net Academy","isPartOf":{"@id":"https:\/\/net-academy.co\/#website"},"datePublished":"2022-02-01T08:49:52+00:00","dateModified":"2023-01-31T07:47:53+00:00","description":"Wir w\u00fcrden gerne von Ihnen h\u00f6ren! Egal, ob Sie eine Frage haben oder uns einfach nur ein Loblied singen wollen, unten finden Sie verschiedene M\u00f6glichkeiten, uns zu erreichen.","breadcrumb":{"@id":"https:\/\/net-academy.co\/de\/contact-us\/#breadcrumb"},"inLanguage":"de","potentialAction":[{"@type":"ReadAction","target":["https:\/\/net-academy.co\/de\/contact-us\/"]}]},{"@type":"BreadcrumbList","@id":"https:\/\/net-academy.co\/de\/contact-us\/#breadcrumb","itemListElement":[{"@type":"ListItem","position":1,"name":"Home","item":"https:\/\/net-academy.co\/de\/"},{"@type":"ListItem","position":2,"name":"Contact us"}]},{"@type":"WebSite","@id":"https:\/\/net-academy.co\/#website","url":"https:\/\/net-academy.co\/","name":"Net Academy","description":"","potentialAction":[{"@type":"SearchAction","target":{"@type":"EntryPoint","urlTemplate":"https:\/\/net-academy.co\/?s={search_term_string}"},"query-input":"required name=search_term_string"}],"inLanguage":"de"}]}},"_links":{"self":[{"href":"https:\/\/edu.rudetings.com\/de\/wp-json\/wp\/v2\/pages\/379","targetHints":{"allow":["GET"]}}],"collection":[{"href":"https:\/\/edu.rudetings.com\/de\/wp-json\/wp\/v2\/pages"}],"about":[{"href":"https:\/\/edu.rudetings.com\/de\/wp-json\/wp\/v2\/types\/page"}],"author":[{"embeddable":true,"href":"https:\/\/edu.rudetings.com\/de\/wp-json\/wp\/v2\/users\/66"}],"replies":[{"embeddable":true,"href":"https:\/\/edu.rudetings.com\/de\/wp-json\/wp\/v2\/comments?post=379"}],"version-history":[{"count":5,"href":"https:\/\/edu.rudetings.com\/de\/wp-json\/wp\/v2\/pages\/379\/revisions"}],"predecessor-version":[{"id":2606,"href":"https:\/\/edu.rudetings.com\/de\/wp-json\/wp\/v2\/pages\/379\/revisions\/2606"}],"wp:attachment":[{"href":"https:\/\/edu.rudetings.com\/de\/wp-json\/wp\/v2\/media?parent=379"}],"curies":[{"name":"wp","href":"https:\/\/api.w.org\/{rel}","templated":true}]}}