{"id":225,"date":"2022-02-03T10:19:01","date_gmt":"2022-02-03T10:19:01","guid":{"rendered":"https:\/\/net-academy.co\/privacy-policy\/"},"modified":"2023-01-31T14:06:16","modified_gmt":"2023-01-31T14:06:16","slug":"privacy-policy","status":"publish","type":"page","link":"https:\/\/edu.rudetings.com\/fr\/privacy-policy\/","title":{"rendered":"Privacy Policy"},"content":{"rendered":"<h1>Politique de confidentialit\u00e9 de Net Academy<\/h1>\n<p style=\"text-align: center;\"><span data-sheets-value=\"{&quot;1&quot;:2,&quot;2&quot;:&quot;This policy is effective as of 27 January 2022 and was last updated on 27 January 2022.&quot;}\" data-sheets-userformat=\"{&quot;2&quot;:15295,&quot;3&quot;:{&quot;1&quot;:0},&quot;4&quot;:{&quot;1&quot;:2,&quot;2&quot;:16777215},&quot;5&quot;:{&quot;1&quot;:[{&quot;1&quot;:2,&quot;2&quot;:0,&quot;5&quot;:{&quot;1&quot;:2,&quot;2&quot;:15389148}},{&quot;1&quot;:0,&quot;2&quot;:0,&quot;3&quot;:3},{&quot;1&quot;:1,&quot;2&quot;:0,&quot;4&quot;:1}]},&quot;6&quot;:{&quot;1&quot;:[{&quot;1&quot;:2,&quot;2&quot;:0,&quot;5&quot;:{&quot;1&quot;:2,&quot;2&quot;:15389148}},{&quot;1&quot;:0,&quot;2&quot;:0,&quot;3&quot;:3},{&quot;1&quot;:1,&quot;2&quot;:0,&quot;4&quot;:1}]},&quot;7&quot;:{&quot;1&quot;:[{&quot;1&quot;:2,&quot;2&quot;:0,&quot;5&quot;:{&quot;1&quot;:2,&quot;2&quot;:15389148}},{&quot;1&quot;:0,&quot;2&quot;:0,&quot;3&quot;:3},{&quot;1&quot;:1,&quot;2&quot;:0,&quot;4&quot;:1}]},&quot;8&quot;:{&quot;1&quot;:[{&quot;1&quot;:2,&quot;2&quot;:0,&quot;5&quot;:{&quot;1&quot;:2,&quot;2&quot;:15389148}},{&quot;1&quot;:0,&quot;2&quot;:0,&quot;3&quot;:3},{&quot;1&quot;:1,&quot;2&quot;:0,&quot;4&quot;:1}]},&quot;10&quot;:1,&quot;11&quot;:4,&quot;12&quot;:0,&quot;14&quot;:{&quot;1&quot;:3,&quot;3&quot;:1},&quot;15&quot;:&quot;Helvetica Neue&quot;,&quot;16&quot;:9}\"><span style=\"font-weight: 500;\">Derni\u00e8re mise \u00e0 jour :<\/span> 27 January 2023.<\/span><\/p>\n<h2>Informations que nous recueillons<\/h2>\n<p>Les donn\u00e9es que nous recueillons comprennent \u00e0 la fois les donn\u00e9es que vous nous donnez intentionnellement et effectivement lorsque vous utilisez ou participez \u00e0 l&#8217;un de nos services et promotions, et toutes les donn\u00e9es envoy\u00e9es automatiquement par vos appareils lors de l&#8217;acc\u00e8s \u00e0 nos produits et services.<\/p>\n<h2>Donn\u00e9es de connexion<\/h2>\n<p>Nos serveurs peuvent enregistrer automatiquement les informations standard fournies par votre navigateur web lorsque vous visitez notre site. Il peut s&#8217;agir de l&#8217;adresse IP (Internet Protocol) de votre appareil, des pages que vous visitez, du type et de la version de votre navigateur, de la date et de l&#8217;heure de votre visite, du temps pass\u00e9 sur chaque page et des d\u00e9tails techniques qui peuvent survenir en liaison avec les erreurs que vous pouvez rencontrer.<\/p>\n<p>Bien que ces informations puissent ne pas \u00eatre identifiables personnellement en elles-m\u00eames, il peut \u00eatre possible de les combiner avec d&#8217;autres informations pour identifier des personnes physiques.<\/p>\n<h2>Informations personnelles<\/h2>\n<p>Nous pouvons vous demander des informations personnelles qui peuvent inclure un ou plusieurs des \u00e9l\u00e9ments suivants :<\/p>\n<ul>\n<li style=\"font-weight: 300;\" aria-level=\"1\">Nom<\/li>\n<li style=\"font-weight: 300;\" aria-level=\"1\">Email<\/li>\n<li style=\"font-weight: 300;\" aria-level=\"1\">Date de naissance<\/li>\n<li style=\"font-weight: 300;\" aria-level=\"1\">Num\u00e9ro de t\u00e9l\u00e9phone\/ mobile<\/li>\n<li style=\"font-weight: 300;\" aria-level=\"1\">Adresse du domicile\/adresse postale<\/li>\n<\/ul>\n<h2>Raisons l\u00e9gitimes de traiter vos donn\u00e9es personnelles<\/h2>\n<p>La seule raison pour laquelle nous pourrions collecter et utiliser vos donn\u00e9es personnelles est que nous avons une raison l\u00e9gitime de le faire. M\u00eame dans ce cas, nous ne recueillons que les informations n\u00e9cessaires pour vous fournir nos services.<\/p>\n<h2>Collecte et utilisation des informations<\/h2>\n<p>Nous pouvons recueillir des informations personnelles vous concernant lorsque vous effectuez l&#8217;une des op\u00e9rations suivantes sur notre site Web :<\/p>\n<ul>\n<li style=\"font-weight: 300;\" aria-level=\"1\">Participer \u00e0 l&#8217;une de nos comp\u00e9titions, concours, sweepstakes et enqu\u00eates.<\/li>\n<li style=\"font-weight: 300;\" aria-level=\"1\">Utiliser un appareil mobile ou un navigateur Web pour acc\u00e9der \u00e0 notre contenu.<\/li>\n<li style=\"font-weight: 300;\" aria-level=\"1\">Nous contacter par courriel, sur les m\u00e9dias sociaux ou sur toute autre technologie similaire.<\/li>\n<li style=\"font-weight: 300;\" aria-level=\"1\">Lorsque vous nous mentionnez sur les m\u00e9dias sociaux.<\/li>\n<\/ul>\n<p>Nous pouvons recueillir, d\u00e9tenir, utiliser et divulguer des informations aux fins suivantes, et les informations personnelles ne seront pas trait\u00e9es ult\u00e9rieurement d&#8217;une mani\u00e8re incompatible avec ces objectifs :<\/p>\n<p>Les informations personnelles ne seront pas trait\u00e9es ult\u00e9rieurement d&#8217;une mani\u00e8re incompatible avec les objectifs ci-dessous. Les seules raisons pour lesquelles nous pouvons collecter, utiliser ou divulguer des informations sont celles li\u00e9es \u00e0 ces objectifs :<\/p>\n<ul>\n<li style=\"font-weight: 300;\" aria-level=\"1\">Pour communiquer avec vous ou vous contacter.<\/li>\n<li style=\"font-weight: 300;\" aria-level=\"1\">Pour la publicit\u00e9 et le marketing, y compris pour vous envoyer des informations promotionnelles sur nos produits et services et des informations sur des tiers qui, selon nous, pourraient vous int\u00e9resser.<\/li>\n<li style=\"font-weight: 300;\" aria-level=\"1\">Pour vous permettre d&#8217;acc\u00e9der et d&#8217;utiliser notre site web, les applications associ\u00e9es et les plateformes de m\u00e9dias sociaux associ\u00e9es.<\/li>\n<li style=\"font-weight: 300;\" aria-level=\"1\">Pour la tenue de dossiers internes et \u00e0 des fins administratives.<\/li>\n<li style=\"font-weight: 300;\" aria-level=\"1\">Pour organiser des concours, des sweepstakes et\/ou vous offrir des avantages suppl\u00e9mentaires.<\/li>\n<li style=\"font-weight: 300;\" aria-level=\"1\">Pour organiser des concours, des sweepstakes et\/ou vous offrir des avantages suppl\u00e9mentaires.<\/li>\n<\/ul>\n<p>Nous pourrions combiner les informations que nous recueillons \u00e0 votre sujet avec des donn\u00e9es de recherche ou des informations g\u00e9n\u00e9rales que nous obtenons d&#8217;autres sources fiables.<\/p>\n<h2>S\u00e9curit\u00e9 de vos informations personnelles<\/h2>\n<p>Au moment o\u00f9 nous recueillons et traitons des donn\u00e9es individuelles, et tant que nous conservons ces informations, nous les prot\u00e9geons par des moyens commercialement acceptables pour \u00e9viter la perte et le vol, ainsi que l&#8217;acc\u00e8s, la divulgation, la copie, l&#8217;utilisation ou la modification non autoris\u00e9s.<\/p>\n<p>Veuillez garder \u00e0 l&#8217;esprit qu&#8217;aucune m\u00e9thode de transmission ou de stockage \u00e9lectronique n&#8217;est s\u00fbre \u00e0 100 %, m\u00eame si nous faisons de notre mieux pour prot\u00e9ger les informations personnelles qui nous sont fournies. Personne ne peut garantir une s\u00e9curit\u00e9 absolue. Nous nous conformerons aux lois applicables en cas de violation des donn\u00e9es.<\/p>\n<p>Vous \u00eates responsable du choix et de la force de tout mot de passe, garantissant ainsi la s\u00e9curit\u00e9 de vos propres informations dans les limites de nos services.<\/p>\n<h2>Dur\u00e9e de conservation de vos informations personnelles<\/h2>\n<p>Nous ne conservons vos informations personnelles qu&#8217;aussi longtemps que nous en avons besoin. Cette p\u00e9riode d\u00e9pend des raisons pour lesquelles nous pouvons utiliser vos informations, le tout conform\u00e9ment \u00e0 la pr\u00e9sente politique de confidentialit\u00e9. Lorsque vos informations personnelles ne sont plus n\u00e9cessaires, nous les supprimons (ou les rendons anonymes) en supprimant tous les d\u00e9tails permettant de vous identifier.<\/p>\n<p>Toutefois, si n\u00e9cessaire, nous pouvons conserver vos informations personnelles pour nous conformer \u00e0 une obligation l\u00e9gale, comptable ou de rapport, ou \u00e0 des fins d&#8217;archivage dans l&#8217;int\u00e9r\u00eat public, \u00e0 des fins de recherche scientifique ou historique ou \u00e0 des fins statistiques.<\/p>\n<h2>Vie priv\u00e9e des enfants<\/h2>\n<p>Aucun de nos produits ou services ne s&#8217;adresse directement aux enfants de moins de 18 ans, et nous ne recueillons pas sciemment de donn\u00e9es personnelles sur des enfants de moins de 18 ans.<\/p>\n<p>Aucun de nos produits ou services ne s&#8217;adresse directement aux enfants de moins de 18 ans, et nous ne collectons pas sciemment de donn\u00e9es personnelles sur des enfants de moins de 18 ans.<\/p>\n<h2>Divulgation d&#8217;informations personnelles \u00e0 des tiers<\/h2>\n<p>Nous pouvons \u00eatre amen\u00e9s \u00e0 divulguer des informations personnelles \u00e0 :<\/p>\n<ul>\n<li style=\"font-weight: 300;\" aria-level=\"1\">\u00a0 Une soci\u00e9t\u00e9 m\u00e8re, une filiale ou une soci\u00e9t\u00e9 affili\u00e9e de notre entreprise.<\/li>\n<li style=\"font-weight: 300;\" aria-level=\"1\">Des prestataires de services tiers dans le but de leur permettre de fournir leurs services, par exemple, des prestataires de services informatiques, des fournisseurs de stockage de donn\u00e9es, d&#8217;h\u00e9bergement et de serveurs, des annonceurs ou des plateformes d&#8217;analyse.<\/li>\n<li style=\"font-weight: 300;\" aria-level=\"1\">Nos employ\u00e9s, entrepreneurs et\/ou entit\u00e9s li\u00e9es.<\/li>\n<li style=\"font-weight: 300;\" aria-level=\"1\">Nos agents ou partenaires commerciaux existants ou potentiels.<\/li>\n<li style=\"font-weight: 300;\" aria-level=\"1\">Les sponsors ou promoteurs de tout concours, loterie ou promotion que nous organisons.<\/li>\n<li style=\"font-weight: 300;\" aria-level=\"1\">Les cours, les tribunaux, les autorit\u00e9s r\u00e9glementaires et les agents charg\u00e9s de l&#8217;application de la loi, comme l&#8217;exige la loi, dans le cadre de toute proc\u00e9dure judiciaire r\u00e9elle ou potentielle, ou afin d&#8217;\u00e9tablir, d&#8217;exercer ou de d\u00e9fendre nos droits l\u00e9gaux.<\/li>\n<li style=\"font-weight: 300;\" aria-level=\"1\">Des tiers, y compris des agents ou des sous-traitants, qui nous aident \u00e0 vous fournir des informations, des produits, des services ou du marketing direct.<\/li>\n<li style=\"font-weight: 300;\" aria-level=\"1\">Des tiers pour collecter et traiter les donn\u00e9es.<\/li>\n<\/ul>\n<h2>Transferts internationaux d&#8217;informations personnelles<\/h2>\n<p>Les informations personnelles que nous recueillons sont stock\u00e9es et\/ou trait\u00e9es l\u00e0 o\u00f9 nous ou nos partenaires, soci\u00e9t\u00e9s affili\u00e9es et fournisseurs tiers disposent d&#8217;installations. Sachez que les lieux vers lesquels nous stockons, traitons ou transf\u00e9rons vos informations personnelles peuvent ne pas avoir les m\u00eames lois de protection des donn\u00e9es que le pays dans lequel vous avez initialement fourni les informations. Si nous transf\u00e9rons vos informations personnelles \u00e0 des tiers dans d&#8217;autres pays : (i) nous effectuerons ces transferts conform\u00e9ment aux exigences de la loi applicable ; et (ii) nous prot\u00e9gerons les informations personnelles transf\u00e9r\u00e9es conform\u00e9ment \u00e0 la pr\u00e9sente politique de confidentialit\u00e9.<\/p>\n<h2>Vos droits et le contr\u00f4le de vos informations personnelles<\/h2>\n<p>Vous conservez toujours le droit de refuser de nous communiquer des informations personnelles, \u00e9tant entendu que votre exp\u00e9rience de notre site web peut en \u00eatre affect\u00e9e. Nous ne ferons aucune discrimination \u00e0 votre encontre pour avoir exerc\u00e9 l&#8217;un de vos droits sur vos informations personnelles. Si vous nous fournissez des informations personnelles, vous comprenez que nous les collecterons, les conserverons, les utiliserons et les divulguerons conform\u00e9ment \u00e0 la pr\u00e9sente politique de confidentialit\u00e9. Vous conservez le droit de demander des d\u00e9tails sur les informations personnelles que nous d\u00e9tenons \u00e0 votre sujet.<\/p>\n<p>Si nous recevons des informations personnelles vous concernant de la part d&#8217;un tiers, nous les prot\u00e9gerons comme indiqu\u00e9 dans la pr\u00e9sente politique de confidentialit\u00e9. Si vous \u00eates un tiers fournissant des informations personnelles sur une autre personne, vous d\u00e9clarez et garantissez que vous avez le consentement de cette personne pour nous fournir ces informations personnelles.<\/p>\n<p>Si vous avez pr\u00e9c\u00e9demment accept\u00e9 que nous utilisions vos informations personnelles \u00e0 des fins de marketing direct, vous pouvez changer d&#8217;avis \u00e0 tout moment. Nous vous donnerons la possibilit\u00e9 de vous d\u00e9sinscrire de notre base de donn\u00e9es de courriers \u00e9lectroniques ou de ne plus recevoir de communications. Sachez que nous pouvons \u00eatre amen\u00e9s \u00e0 vous demander des informations sp\u00e9cifiques pour nous aider \u00e0 confirmer votre identit\u00e9.<\/p>\n<p>Si vous pensez que les informations que nous d\u00e9tenons \u00e0 votre sujet sont inexactes, obsol\u00e8tes, incompl\u00e8tes, non pertinentes ou trompeuses, veuillez nous contacter en utilisant les coordonn\u00e9es fournies dans cette politique de confidentialit\u00e9. Nous prendrons des mesures raisonnables pour corriger toute information jug\u00e9e inexacte, incompl\u00e8te, trompeuse ou obsol\u00e8te.<\/p>\n<p>Si vous pensez que nous avons enfreint une loi sur la protection des donn\u00e9es et que vous souhaitez d\u00e9poser une plainte, veuillez nous contacter en utilisant les coordonn\u00e9es ci-dessous et nous fournir tous les d\u00e9tails de l&#8217;infraction pr\u00e9sum\u00e9e. Nous examinerons rapidement votre plainte et vous r\u00e9pondrons, par \u00e9crit, en exposant le r\u00e9sultat de notre enqu\u00eate et les mesures que nous prendrons pour traiter votre plainte. Vous avez \u00e9galement le droit de contacter un organisme de r\u00e9glementation ou une autorit\u00e9 charg\u00e9e de la protection des donn\u00e9es au sujet de votre plainte.<\/p>\n<h2>Utilisation des cookies<\/h2>\n<p>Nous utilisons des &#8220;cookies&#8221; pour recueillir des informations sur vous et votre activit\u00e9 sur notre site. Un cookie est un petit \u00e9l\u00e9ment de donn\u00e9es que notre site Web stocke sur votre ordinateur et auquel il acc\u00e8de \u00e0 chaque visite, afin que nous puissions comprendre comment vous utilisez notre site. Cela nous aide \u00e0 vous proposer un contenu bas\u00e9 sur les pr\u00e9f\u00e9rences que vous avez sp\u00e9cifi\u00e9es.<\/p>\n<h2>Limites de notre politique<\/h2>\n<p>Notre site web peut contenir des liens vers des sites externes qui ne sont pas exploit\u00e9s par nous. Sachez que nous n&#8217;avons aucun contr\u00f4le sur le contenu et les politiques de ces sites, et que nous ne pouvons accepter la responsabilit\u00e9 de leurs pratiques respectives en mati\u00e8re de confidentialit\u00e9.<\/p>\n<h2>Modifications de la pr\u00e9sente politique<\/h2>\n<p>\u00c0 notre discr\u00e9tion, nous pouvons modifier notre politique de confidentialit\u00e9 afin de refl\u00e9ter les mises \u00e0 jour de nos processus commerciaux, les pratiques acceptables actuelles ou les modifications l\u00e9gislatives ou r\u00e9glementaires. Si nous d\u00e9cidons de modifier cette politique de confidentialit\u00e9, nous publierons les modifications sur le m\u00eame lien que celui par lequel vous acc\u00e9dez \u00e0 cette politique de confidentialit\u00e9.<\/p>\n<p>Si la loi l&#8217;exige, nous obtiendrons votre autorisation ou vous donnerons la possibilit\u00e9 d&#8217;accepter ou de refuser, selon le cas, toute nouvelle utilisation de vos informations personnelles.<\/p>\n<h2>Nous contacter<\/h2>\n<p>Pour toute question ou pr\u00e9occupation concernant votre vie priv\u00e9e, vous pouvez nous contacter en utilisant les coordonn\u00e9es suivantes :<\/p>\n<p><a href=\"tel:+442045866210\">+442045866210<\/a><\/p>\n<p><a href=\"mailto:support@net-academy.co\">support@net-academy.co<\/a><\/p>\n<p><a href=\"https:\/\/net-academy.co\/fr\/contact-us\/\"><span style=\"font-weight: 300;\">https:\/\/net-academy.co\/contact-us\/<\/span><\/a><\/p>\n","protected":false},"excerpt":{"rendered":"<p>Politique de confidentialit\u00e9 de Net Academy Derni\u00e8re mise \u00e0 jour : 27 January 2023. Informations que nous recueillons Les donn\u00e9es que nous recueillons comprennent \u00e0 la fois les donn\u00e9es que vous nous donnez intentionnellement et effectivement lorsque vous utilisez ou participez \u00e0 l&#8217;un de nos services et promotions, et toutes les donn\u00e9es envoy\u00e9es automatiquement par [&hellip;]<\/p>\n","protected":false},"author":66,"featured_media":0,"parent":0,"menu_order":0,"comment_status":"closed","ping_status":"closed","template":"","meta":{"footnotes":""},"class_list":["post-225","page","type-page","status-publish","hentry"],"yoast_head":"<!-- This site is optimized with the Yoast SEO plugin v20.0 - https:\/\/yoast.com\/wordpress\/plugins\/seo\/ -->\n<title>Net Academy - Politique de confidentialit\u00e9<\/title>\n<meta name=\"description\" content=\"Prenez un moment pour lire notre politique de confidentialit\u00e9 afin de comprendre vos droits et obligations.\" \/>\n<meta name=\"robots\" content=\"noindex, follow, max-snippet:-1, max-image-preview:large, max-video-preview:-1\" \/>\n<meta property=\"og:locale\" content=\"fr_FR\" \/>\n<meta property=\"og:type\" content=\"article\" \/>\n<meta property=\"og:title\" content=\"Net Academy - Politique de confidentialit\u00e9\" \/>\n<meta property=\"og:description\" content=\"Prenez un moment pour lire notre politique de confidentialit\u00e9 afin de comprendre vos droits et obligations.\" \/>\n<meta property=\"og:url\" content=\"https:\/\/net-academy.co\/fr\/privacy-policy\/\" \/>\n<meta property=\"og:site_name\" content=\"Net Academy\" \/>\n<meta property=\"article:modified_time\" content=\"2023-01-31T14:06:16+00:00\" \/>\n<meta name=\"twitter:card\" content=\"summary_large_image\" \/>\n<meta name=\"twitter:title\" content=\"Net Academy - Politique de confidentialit\u00e9\" \/>\n<meta name=\"twitter:description\" content=\"Prenez un moment pour lire notre politique de confidentialit\u00e9 afin de comprendre vos droits et obligations.\" \/>\n<meta name=\"twitter:label1\" content=\"Dur\u00e9e de lecture estim\u00e9e\" \/>\n\t<meta name=\"twitter:data1\" content=\"8 minutes\" \/>\n<script type=\"application\/ld+json\" class=\"yoast-schema-graph\">{\"@context\":\"https:\/\/schema.org\",\"@graph\":[{\"@type\":\"WebPage\",\"@id\":\"https:\/\/net-academy.co\/fr\/privacy-policy\/\",\"url\":\"https:\/\/net-academy.co\/fr\/privacy-policy\/\",\"name\":\"Net Academy - Politique de confidentialit\u00e9\",\"isPartOf\":{\"@id\":\"https:\/\/net-academy.co\/#website\"},\"datePublished\":\"2022-02-03T10:19:01+00:00\",\"dateModified\":\"2023-01-31T14:06:16+00:00\",\"description\":\"Prenez un moment pour lire notre politique de confidentialit\u00e9 afin de comprendre vos droits et obligations.\",\"breadcrumb\":{\"@id\":\"https:\/\/net-academy.co\/fr\/privacy-policy\/#breadcrumb\"},\"inLanguage\":\"fr-FR\",\"potentialAction\":[{\"@type\":\"ReadAction\",\"target\":[\"https:\/\/net-academy.co\/fr\/privacy-policy\/\"]}]},{\"@type\":\"BreadcrumbList\",\"@id\":\"https:\/\/net-academy.co\/fr\/privacy-policy\/#breadcrumb\",\"itemListElement\":[{\"@type\":\"ListItem\",\"position\":1,\"name\":\"Home\",\"item\":\"https:\/\/net-academy.co\/fr\/\"},{\"@type\":\"ListItem\",\"position\":2,\"name\":\"Privacy Policy\"}]},{\"@type\":\"WebSite\",\"@id\":\"https:\/\/net-academy.co\/#website\",\"url\":\"https:\/\/net-academy.co\/\",\"name\":\"Net Academy\",\"description\":\"\",\"potentialAction\":[{\"@type\":\"SearchAction\",\"target\":{\"@type\":\"EntryPoint\",\"urlTemplate\":\"https:\/\/net-academy.co\/?s={search_term_string}\"},\"query-input\":\"required name=search_term_string\"}],\"inLanguage\":\"fr-FR\"}]}<\/script>\n<!-- \/ Yoast SEO plugin. -->","yoast_head_json":{"title":"Net Academy - Politique de confidentialit\u00e9","description":"Prenez un moment pour lire notre politique de confidentialit\u00e9 afin de comprendre vos droits et obligations.","robots":{"index":"noindex","follow":"follow","max-snippet":"max-snippet:-1","max-image-preview":"max-image-preview:large","max-video-preview":"max-video-preview:-1"},"og_locale":"fr_FR","og_type":"article","og_title":"Net Academy - Politique de confidentialit\u00e9","og_description":"Prenez un moment pour lire notre politique de confidentialit\u00e9 afin de comprendre vos droits et obligations.","og_url":"https:\/\/net-academy.co\/fr\/privacy-policy\/","og_site_name":"Net Academy","article_modified_time":"2023-01-31T14:06:16+00:00","twitter_card":"summary_large_image","twitter_title":"Net Academy - Politique de confidentialit\u00e9","twitter_description":"Prenez un moment pour lire notre politique de confidentialit\u00e9 afin de comprendre vos droits et obligations.","twitter_misc":{"Dur\u00e9e de lecture estim\u00e9e":"8 minutes"},"schema":{"@context":"https:\/\/schema.org","@graph":[{"@type":"WebPage","@id":"https:\/\/net-academy.co\/fr\/privacy-policy\/","url":"https:\/\/net-academy.co\/fr\/privacy-policy\/","name":"Net Academy - Politique de confidentialit\u00e9","isPartOf":{"@id":"https:\/\/net-academy.co\/#website"},"datePublished":"2022-02-03T10:19:01+00:00","dateModified":"2023-01-31T14:06:16+00:00","description":"Prenez un moment pour lire notre politique de confidentialit\u00e9 afin de comprendre vos droits et obligations.","breadcrumb":{"@id":"https:\/\/net-academy.co\/fr\/privacy-policy\/#breadcrumb"},"inLanguage":"fr-FR","potentialAction":[{"@type":"ReadAction","target":["https:\/\/net-academy.co\/fr\/privacy-policy\/"]}]},{"@type":"BreadcrumbList","@id":"https:\/\/net-academy.co\/fr\/privacy-policy\/#breadcrumb","itemListElement":[{"@type":"ListItem","position":1,"name":"Home","item":"https:\/\/net-academy.co\/fr\/"},{"@type":"ListItem","position":2,"name":"Privacy Policy"}]},{"@type":"WebSite","@id":"https:\/\/net-academy.co\/#website","url":"https:\/\/net-academy.co\/","name":"Net Academy","description":"","potentialAction":[{"@type":"SearchAction","target":{"@type":"EntryPoint","urlTemplate":"https:\/\/net-academy.co\/?s={search_term_string}"},"query-input":"required name=search_term_string"}],"inLanguage":"fr-FR"}]}},"_links":{"self":[{"href":"https:\/\/edu.rudetings.com\/fr\/wp-json\/wp\/v2\/pages\/225","targetHints":{"allow":["GET"]}}],"collection":[{"href":"https:\/\/edu.rudetings.com\/fr\/wp-json\/wp\/v2\/pages"}],"about":[{"href":"https:\/\/edu.rudetings.com\/fr\/wp-json\/wp\/v2\/types\/page"}],"author":[{"embeddable":true,"href":"https:\/\/edu.rudetings.com\/fr\/wp-json\/wp\/v2\/users\/66"}],"replies":[{"embeddable":true,"href":"https:\/\/edu.rudetings.com\/fr\/wp-json\/wp\/v2\/comments?post=225"}],"version-history":[{"count":9,"href":"https:\/\/edu.rudetings.com\/fr\/wp-json\/wp\/v2\/pages\/225\/revisions"}],"predecessor-version":[{"id":2676,"href":"https:\/\/edu.rudetings.com\/fr\/wp-json\/wp\/v2\/pages\/225\/revisions\/2676"}],"wp:attachment":[{"href":"https:\/\/edu.rudetings.com\/fr\/wp-json\/wp\/v2\/media?parent=225"}],"curies":[{"name":"wp","href":"https:\/\/api.w.org\/{rel}","templated":true}]}}