{"id":2607,"date":"2023-01-27T14:32:20","date_gmt":"2023-01-27T14:32:20","guid":{"rendered":"https:\/\/net-academy.co\/net-academy-cookie-policy\/"},"modified":"2023-01-31T14:06:09","modified_gmt":"2023-01-31T14:06:09","slug":"net-academy-cookie-policy","status":"publish","type":"page","link":"https:\/\/edu.rudetings.com\/fr\/net-academy-cookie-policy\/","title":{"rendered":"Cookie Policy"},"content":{"rendered":"<h1><strong>Politique en mati\u00e8re de cookies de Net Academy<\/strong><\/h1>\n<p style=\"text-align: center;\"><span style=\"font-weight: 300;\"><span data-sheets-value=\"{&quot;1&quot;:2,&quot;2&quot;:&quot;This policy is effective as of 27 January 2022 and was last updated on 27 January 2022.&quot;}\" data-sheets-userformat=\"{&quot;2&quot;:15295,&quot;3&quot;:{&quot;1&quot;:0},&quot;4&quot;:{&quot;1&quot;:2,&quot;2&quot;:16777215},&quot;5&quot;:{&quot;1&quot;:[{&quot;1&quot;:2,&quot;2&quot;:0,&quot;5&quot;:{&quot;1&quot;:2,&quot;2&quot;:15389148}},{&quot;1&quot;:0,&quot;2&quot;:0,&quot;3&quot;:3},{&quot;1&quot;:1,&quot;2&quot;:0,&quot;4&quot;:1}]},&quot;6&quot;:{&quot;1&quot;:[{&quot;1&quot;:2,&quot;2&quot;:0,&quot;5&quot;:{&quot;1&quot;:2,&quot;2&quot;:15389148}},{&quot;1&quot;:0,&quot;2&quot;:0,&quot;3&quot;:3},{&quot;1&quot;:1,&quot;2&quot;:0,&quot;4&quot;:1}]},&quot;7&quot;:{&quot;1&quot;:[{&quot;1&quot;:2,&quot;2&quot;:0,&quot;5&quot;:{&quot;1&quot;:2,&quot;2&quot;:15389148}},{&quot;1&quot;:0,&quot;2&quot;:0,&quot;3&quot;:3},{&quot;1&quot;:1,&quot;2&quot;:0,&quot;4&quot;:1}]},&quot;8&quot;:{&quot;1&quot;:[{&quot;1&quot;:2,&quot;2&quot;:0,&quot;5&quot;:{&quot;1&quot;:2,&quot;2&quot;:15389148}},{&quot;1&quot;:0,&quot;2&quot;:0,&quot;3&quot;:3},{&quot;1&quot;:1,&quot;2&quot;:0,&quot;4&quot;:1}]},&quot;10&quot;:1,&quot;11&quot;:4,&quot;12&quot;:0,&quot;14&quot;:{&quot;1&quot;:3,&quot;3&quot;:1},&quot;15&quot;:&quot;Helvetica Neue&quot;,&quot;16&quot;:9}\"><span style=\"font-weight: 500;\">Derni\u00e8re mise \u00e0 jour :<\/span> 27 January 2023.<\/span><\/span><\/p>\n<p><span style=\"font-weight: 300;\">SHILO INTERNATIONAL LTD poss\u00e8de et exploite net-academy.co. Dans cette politique, nous ferons r\u00e9f\u00e9rence \u00e0 la soci\u00e9t\u00e9 en tant que &#8220;net-academy.co&#8221;. Il s&#8217;agit de la politique en mati\u00e8re de cookies de net-academy.co, accessible \u00e0 partir de net-academy.co.<\/span><\/p>\n<h2><span style=\"font-weight: 400;\">Que sont les cookies ?<\/span><\/h2>\n<p><span style=\"font-weight: 300;\">Sur tous les sites web professionnels, il est courant d&#8217;utiliser des cookies, qui sont de minuscules fichiers t\u00e9l\u00e9charg\u00e9s sur votre ordinateur. Ces cookies ont un seul objectif : am\u00e9liorer votre exp\u00e9rience. Dans cette page, nous d\u00e9crirons le type d&#8217;informations qu&#8217;ils recueillent, comment les utiliser et pourquoi nous devons parfois stocker ces cookies. Nous vous expliquerons \u00e9galement comment vous pouvez emp\u00eacher l&#8217;enregistrement de ces cookies, mais cela peut entra\u00eener la d\u00e9gradation ou la &#8220;rupture&#8221; de certains \u00e9l\u00e9ments de la fonctionnalit\u00e9 du site.<\/span><\/p>\n<h2><span style=\"font-weight: 400;\">Comment nous utilisons les cookies sur Net-Academy.co<\/span><\/h2>\n<p><span style=\"font-weight: 300;\">Les cookies sont utilis\u00e9s pour plusieurs raisons diff\u00e9rentes, et nous les avons toutes document\u00e9es ci-dessous. Malheureusement, dans la plupart des cas, il n&#8217;existe pas d&#8217;option standard pour d\u00e9sactiver les cookies sans d\u00e9sactiver compl\u00e8tement la fonctionnalit\u00e9 et les caract\u00e9ristiques qu&#8217;ils ajoutent \u00e0 ce site. Il est recommand\u00e9 de laisser tous les cookies activ\u00e9s si vous n&#8217;\u00eates pas s\u00fbr d&#8217;en avoir besoin ou non, au cas o\u00f9 ils seraient utilis\u00e9s pour fournir un service que vous utilisez.<\/span><\/p>\n<h2><span style=\"font-weight: 400;\">D\u00e9sactiver les cookies<\/span><\/h2>\n<p><span style=\"font-weight: 300;\">Vous \u00eates libre d&#8217;emp\u00eacher l&#8217;installation de cookies en ajustant les param\u00e8tres de votre navigateur (voir l&#8217;aide de votre navigateur pour savoir comment proc\u00e9der). Il est important de noter, cependant, qu&#8217;en d\u00e9sactivant les cookies, la fonctionnalit\u00e9 de ce site et de nombreux autres sites web que vous visitez sera affect\u00e9e. La d\u00e9sactivation des cookies entra\u00eene g\u00e9n\u00e9ralement la d\u00e9sactivation de certaines fonctionnalit\u00e9s de ce site. Il est donc recommand\u00e9 de ne pas d\u00e9sactiver les cookies.<\/span><\/p>\n<h2><span style=\"font-weight: 400;\">Les cookies que nous utilisons sur Net-Academy.co<\/span><\/h2>\n<p><span style=\"font-weight: 300;\">Sur net-academy.co, nous installons plusieurs types de cookies diff\u00e9rents. Lisez-en davantage \u00e0 leur sujet ci-dessous.<\/span><\/p>\n<h3><span style=\"font-weight: 300;\">Cookies li\u00e9s au compte<\/span><\/h3>\n<p><span style=\"font-weight: 300;\">Si vous cr\u00e9ez un compte chez nous, nous utiliserons des cookies pour la gestion du processus d&#8217;inscription et l&#8217;administration g\u00e9n\u00e9rale. Ces cookies sont g\u00e9n\u00e9ralement supprim\u00e9s lorsque vous vous d\u00e9connectez, mais dans certains cas, ils peuvent \u00eatre conserv\u00e9s pour m\u00e9moriser vos pr\u00e9f\u00e9rences de site lorsque vous \u00eates d\u00e9connect\u00e9.<\/span><\/p>\n<h3><span style=\"font-weight: 300;\">Cookies li\u00e9s \u00e0 la connexion<\/span><\/h3>\n<p><span style=\"font-weight: 300;\">Nous utilisons des cookies lorsque vous \u00eates connect\u00e9 afin de pouvoir l&#8217;ajouter \u00e0 votre dossier. Cela vous permet de ne pas avoir \u00e0 vous connecter \u00e0 chaque fois que vous visitez une nouvelle page. Ces cookies sont g\u00e9n\u00e9ralement supprim\u00e9s ou effac\u00e9s lorsque vous vous d\u00e9connectez, afin de garantir que vous ne puissiez acc\u00e9der qu&#8217;aux fonctions et zones restreintes lorsque vous \u00eates connect\u00e9.<\/span><\/p>\n<h3><span style=\"font-weight: 300;\">Cookies li\u00e9s aux bulletins d&#8217;information par e-mail<\/span><\/h3>\n<p><span style=\"font-weight: 300;\">Ce site propose des services d&#8217;abonnement \u00e0 des bulletins d&#8217;information ou \u00e0 des courriels et des cookies peuvent \u00eatre utilis\u00e9s pour se souvenir si vous \u00eates d\u00e9j\u00e0 inscrit et pour afficher certaines notifications qui pourraient n&#8217;\u00eatre valables que pour les utilisateurs inscrits ou non inscrits.<\/span><\/p>\n<h3><span style=\"font-weight: 300;\">Cookies li\u00e9s aux enqu\u00eates<\/span><\/h3>\n<p><span style=\"font-weight: 300;\">De temps \u00e0 autre, nous proposons des enqu\u00eates et des questionnaires aux utilisateurs afin de vous fournir des informations int\u00e9ressantes, des outils utiles ou de mieux comprendre notre base d&#8217;utilisateurs. Ces enqu\u00eates peuvent utiliser des cookies pour se souvenir des personnes qui ont d\u00e9j\u00e0 particip\u00e9 \u00e0 une enqu\u00eate ou pour vous fournir des r\u00e9sultats pr\u00e9cis apr\u00e8s un changement de page.<\/span><\/p>\n<h3><span style=\"font-weight: 300;\">Cookies li\u00e9s aux formulaires<\/span><\/h3>\n<p><span style=\"font-weight: 300;\">Pour une correspondance future, lorsque vous soumettez des donn\u00e9es par le biais d&#8217;un formulaire, comme ceux que l&#8217;on trouve sur les pages de contact ou les formulaires de commentaires, des cookies li\u00e9s au formulaire peuvent \u00eatre d\u00e9finis pour m\u00e9moriser vos coordonn\u00e9es d&#8217;utilisateur.<\/span><\/p>\n<h3><span style=\"font-weight: 300;\">Cookies des pr\u00e9f\u00e9rences du site<\/span><\/h3>\n<p><span style=\"font-weight: 300;\">Afin de vous offrir une exp\u00e9rience agr\u00e9able sur ce site, nous vous offrons la possibilit\u00e9 de d\u00e9finir vos pr\u00e9f\u00e9rences quant au fonctionnement de ce site lorsque vous l&#8217;utilisez. Afin de m\u00e9moriser vos pr\u00e9f\u00e9rences, nous devons installer des cookies pour que ces informations puissent \u00eatre appel\u00e9es chaque fois que vous interagissez avec une page. Cette page est alors affect\u00e9e par vos pr\u00e9f\u00e9rences.<\/span><\/p>\n<h2><span style=\"font-weight: 400;\">Cookies de tiers<\/span><\/h2>\n<p><span style=\"font-weight: 300;\">Lorsque cela est n\u00e9cessaire, nous utilisons \u00e9galement des cookies fournis par des tiers de confiance. La section suivante d\u00e9taille les cookies tiers que vous pourriez rencontrer sur ce site<\/span><span style=\"font-weight: 300;\">.<\/span><\/p>\n<p><span style=\"font-weight: 300;\">Ce site utilise Google Analytics, l&#8217;une des solutions d&#8217;analyse les plus r\u00e9pandues et les plus fiables sur le Web, pour nous aider \u00e0 comprendre comment vous utilisez le site et comment nous pouvons am\u00e9liorer votre exp\u00e9rience. Ces cookies peuvent suivre des \u00e9l\u00e9ments tels que le temps que vous passez sur le site et les pages que vous visitez afin que nous puissions continuer \u00e0 produire un contenu int\u00e9ressant et comprendre comment nous pouvons am\u00e9liorer le site pour vous.<\/span><\/p>\n<p><span style=\"font-weight: 300;\">Pour plus d&#8217;informations sur les cookies Google Analytics, consultez la page officielle de Google Analytics.<\/span><\/p>\n<p><span style=\"font-weight: 300;\">Des outils d&#8217;analyse tiers sont utilis\u00e9s pour suivre et mesurer l&#8217;utilisation de ce site afin que nous puissions continuer \u00e0 produire un contenu attrayant.<\/span><\/p>\n<p><span style=\"font-weight: 300;\">De temps \u00e0 autre, nous testons de nouvelles fonctionnalit\u00e9s et apportons des modifications subtiles \u00e0 la fa\u00e7on dont le site est pr\u00e9sent\u00e9. Lorsque nous testons de nouvelles fonctionnalit\u00e9s, ces cookies peuvent \u00eatre utilis\u00e9s pour garantir que vous b\u00e9n\u00e9ficiez d&#8217;une exp\u00e9rience coh\u00e9rente sur le site et pour comprendre quelles optimisations nos utilisateurs appr\u00e9cient le plus.<\/span><\/p>\n<p><span style=\"font-weight: 300;\">Comme nous vendons des produits, il est important pour nous de comprendre les statistiques sur le nombre de visiteurs de notre site qui effectuent effectivement un achat et, en tant que tel, c&#8217;est le type de donn\u00e9es que ces cookies vont suivre. C&#8217;est important pour vous car cela signifie que nous pouvons faire des pr\u00e9visions commerciales pr\u00e9cises qui nous permettent de surveiller nos co\u00fbts de publicit\u00e9 et de produits afin de garantir le meilleur prix possible. Nous utilisons des publicit\u00e9s pour compenser les co\u00fbts de fonctionnement de ce site et fournir des fonds pour son d\u00e9veloppement futur. Pour nous assurer que nous ne fournissons que des publicit\u00e9s pertinentes, nous utilisons des cookies de publicit\u00e9 comportementale qui suivent de mani\u00e8re anonyme vos int\u00e9r\u00eats et vous pr\u00e9sentent des choses similaires qui pourraient vous int\u00e9resser.<\/span><\/p>\n<p><span style=\"font-weight: 300;\">Plusieurs partenaires font de la publicit\u00e9 en notre nom et les cookies de suivi des affili\u00e9s nous permettent simplement de voir si nos clients sont venus sur le site par l&#8217;interm\u00e9diaire de l&#8217;un de nos sites partenaires afin que nous puissions les cr\u00e9diter de mani\u00e8re appropri\u00e9e et, le cas \u00e9ch\u00e9ant, permettre \u00e0 nos partenaires affili\u00e9s de vous fournir tout bonus qu&#8217;ils pourraient vous accorder pour avoir effectu\u00e9 un achat.<\/span><\/p>\n<p><span style=\"font-weight: 300;\">Nous utilisons \u00e9galement des boutons et\/ou des plugins de m\u00e9dias sociaux sur ce site qui vous permettent de vous connecter \u00e0 votre r\u00e9seau social de diverses mani\u00e8res. Pour que ceux-ci fonctionnent, il faut utiliser les sites de m\u00e9dias sociaux suivants, y compris, mais sans s&#8217;y limiter, Facebook, Instagram, YouTube, etc. Nous installons des cookies par le biais de notre site qui peuvent \u00eatre utilis\u00e9s pour am\u00e9liorer votre profil sur leur site ou contribuer aux donn\u00e9es qu&#8217;ils d\u00e9tiennent \u00e0 diverses fins d\u00e9crites dans leurs politiques de confidentialit\u00e9 respectives.<\/span><\/p>\n<h2><span style=\"font-weight: 400;\">Plus d&#8217;informations<\/span><\/h2>\n<p><span style=\"font-weight: 300;\">Nous avons fait de notre mieux pour simplifier et clarifier pour vous le fonctionnement de nos cookies. Comme indiqu\u00e9 pr\u00e9c\u00e9demment, si vous n&#8217;\u00eates pas certain d&#8217;avoir besoin de quelque chose, il est g\u00e9n\u00e9ralement plus prudent de laisser les cookies activ\u00e9s au cas o\u00f9 ils interagiraient avec l&#8217;une des fonctions que vous utilisez sur notre site.<\/span><\/p>\n<p><span style=\"font-weight: 300;\">Pour des informations plus g\u00e9n\u00e9rales sur les cookies, n&#8217;h\u00e9sitez pas \u00e0 consulter Google &#8221; Que sont les cookies ? &#8220;.<\/span><\/p>\n<p><span style=\"font-weight: 300;\">Toutefois, si vous souhaitez obtenir plus d&#8217;informations, vous pouvez nous contacter par l&#8217;un de nos moyens de communication pr\u00e9f\u00e9r\u00e9s :<\/span><\/p>\n<p><span style=\"font-weight: 300;\">Email<\/span>: <a href=\"mailto:privacy@net-academy.co\">privacy@net-academy.co<\/a><\/p>\n<p>Si vous voulez savoir comment nous s\u00e9curisons vos informations personnelles, veuillez lire notre <a href=\"https:\/\/net-academy.co\/fr\/privacy-policy\/\">politique de confidentialit\u00e9<\/a>.<\/p>\n","protected":false},"excerpt":{"rendered":"<p>Politique en mati\u00e8re de cookies de Net Academy Derni\u00e8re mise \u00e0 jour : 27 January 2023. SHILO INTERNATIONAL LTD poss\u00e8de et exploite net-academy.co. Dans cette politique, nous ferons r\u00e9f\u00e9rence \u00e0 la soci\u00e9t\u00e9 en tant que &#8220;net-academy.co&#8221;. Il s&#8217;agit de la politique en mati\u00e8re de cookies de net-academy.co, accessible \u00e0 partir de net-academy.co. Que sont les [&hellip;]<\/p>\n","protected":false},"author":25,"featured_media":0,"parent":0,"menu_order":0,"comment_status":"closed","ping_status":"closed","template":"","meta":{"footnotes":""},"class_list":["post-2607","page","type-page","status-publish","hentry"],"yoast_head":"<!-- This site is optimized with the Yoast SEO plugin v20.0 - https:\/\/yoast.com\/wordpress\/plugins\/seo\/ -->\n<title>Net Academy | Politique de cookies<\/title>\n<meta name=\"description\" content=\"Prenez un moment pour lire notre politique en mati\u00e8re de cookies afin de comprendre vos droits et obligations.\" \/>\n<meta name=\"robots\" content=\"noindex, follow, max-snippet:-1, max-image-preview:large, max-video-preview:-1\" \/>\n<meta property=\"og:locale\" content=\"fr_FR\" \/>\n<meta property=\"og:type\" content=\"article\" \/>\n<meta property=\"og:title\" content=\"Net Academy | Politique de cookies\" \/>\n<meta property=\"og:description\" content=\"Prenez un moment pour lire notre politique en mati\u00e8re de cookies afin de comprendre vos droits et obligations.\" \/>\n<meta property=\"og:url\" content=\"https:\/\/net-academy.co\/fr\/net-academy-cookie-policy\/\" \/>\n<meta property=\"og:site_name\" content=\"Net Academy\" \/>\n<meta property=\"article:modified_time\" content=\"2023-01-31T14:06:09+00:00\" \/>\n<meta name=\"twitter:card\" content=\"summary_large_image\" \/>\n<meta name=\"twitter:title\" content=\"Net Academy | Politique de cookies\" \/>\n<meta name=\"twitter:description\" content=\"Prenez un moment pour lire notre politique en mati\u00e8re de cookies afin de comprendre vos droits et obligations.\" \/>\n<meta name=\"twitter:label1\" content=\"Dur\u00e9e de lecture estim\u00e9e\" \/>\n\t<meta name=\"twitter:data1\" content=\"6 minutes\" \/>\n<script type=\"application\/ld+json\" class=\"yoast-schema-graph\">{\"@context\":\"https:\/\/schema.org\",\"@graph\":[{\"@type\":\"WebPage\",\"@id\":\"https:\/\/net-academy.co\/fr\/net-academy-cookie-policy\/\",\"url\":\"https:\/\/net-academy.co\/fr\/net-academy-cookie-policy\/\",\"name\":\"Net Academy | Politique de cookies\",\"isPartOf\":{\"@id\":\"https:\/\/net-academy.co\/#website\"},\"datePublished\":\"2023-01-27T14:32:20+00:00\",\"dateModified\":\"2023-01-31T14:06:09+00:00\",\"description\":\"Prenez un moment pour lire notre politique en mati\u00e8re de cookies afin de comprendre vos droits et obligations.\",\"breadcrumb\":{\"@id\":\"https:\/\/net-academy.co\/fr\/net-academy-cookie-policy\/#breadcrumb\"},\"inLanguage\":\"fr-FR\",\"potentialAction\":[{\"@type\":\"ReadAction\",\"target\":[\"https:\/\/net-academy.co\/fr\/net-academy-cookie-policy\/\"]}]},{\"@type\":\"BreadcrumbList\",\"@id\":\"https:\/\/net-academy.co\/fr\/net-academy-cookie-policy\/#breadcrumb\",\"itemListElement\":[{\"@type\":\"ListItem\",\"position\":1,\"name\":\"Home\",\"item\":\"https:\/\/net-academy.co\/fr\/\"},{\"@type\":\"ListItem\",\"position\":2,\"name\":\"Cookie Policy\"}]},{\"@type\":\"WebSite\",\"@id\":\"https:\/\/net-academy.co\/#website\",\"url\":\"https:\/\/net-academy.co\/\",\"name\":\"Net Academy\",\"description\":\"\",\"potentialAction\":[{\"@type\":\"SearchAction\",\"target\":{\"@type\":\"EntryPoint\",\"urlTemplate\":\"https:\/\/net-academy.co\/?s={search_term_string}\"},\"query-input\":\"required name=search_term_string\"}],\"inLanguage\":\"fr-FR\"}]}<\/script>\n<!-- \/ Yoast SEO plugin. -->","yoast_head_json":{"title":"Net Academy | Politique de cookies","description":"Prenez un moment pour lire notre politique en mati\u00e8re de cookies afin de comprendre vos droits et obligations.","robots":{"index":"noindex","follow":"follow","max-snippet":"max-snippet:-1","max-image-preview":"max-image-preview:large","max-video-preview":"max-video-preview:-1"},"og_locale":"fr_FR","og_type":"article","og_title":"Net Academy | Politique de cookies","og_description":"Prenez un moment pour lire notre politique en mati\u00e8re de cookies afin de comprendre vos droits et obligations.","og_url":"https:\/\/net-academy.co\/fr\/net-academy-cookie-policy\/","og_site_name":"Net Academy","article_modified_time":"2023-01-31T14:06:09+00:00","twitter_card":"summary_large_image","twitter_title":"Net Academy | Politique de cookies","twitter_description":"Prenez un moment pour lire notre politique en mati\u00e8re de cookies afin de comprendre vos droits et obligations.","twitter_misc":{"Dur\u00e9e de lecture estim\u00e9e":"6 minutes"},"schema":{"@context":"https:\/\/schema.org","@graph":[{"@type":"WebPage","@id":"https:\/\/net-academy.co\/fr\/net-academy-cookie-policy\/","url":"https:\/\/net-academy.co\/fr\/net-academy-cookie-policy\/","name":"Net Academy | Politique de cookies","isPartOf":{"@id":"https:\/\/net-academy.co\/#website"},"datePublished":"2023-01-27T14:32:20+00:00","dateModified":"2023-01-31T14:06:09+00:00","description":"Prenez un moment pour lire notre politique en mati\u00e8re de cookies afin de comprendre vos droits et obligations.","breadcrumb":{"@id":"https:\/\/net-academy.co\/fr\/net-academy-cookie-policy\/#breadcrumb"},"inLanguage":"fr-FR","potentialAction":[{"@type":"ReadAction","target":["https:\/\/net-academy.co\/fr\/net-academy-cookie-policy\/"]}]},{"@type":"BreadcrumbList","@id":"https:\/\/net-academy.co\/fr\/net-academy-cookie-policy\/#breadcrumb","itemListElement":[{"@type":"ListItem","position":1,"name":"Home","item":"https:\/\/net-academy.co\/fr\/"},{"@type":"ListItem","position":2,"name":"Cookie Policy"}]},{"@type":"WebSite","@id":"https:\/\/net-academy.co\/#website","url":"https:\/\/net-academy.co\/","name":"Net Academy","description":"","potentialAction":[{"@type":"SearchAction","target":{"@type":"EntryPoint","urlTemplate":"https:\/\/net-academy.co\/?s={search_term_string}"},"query-input":"required name=search_term_string"}],"inLanguage":"fr-FR"}]}},"_links":{"self":[{"href":"https:\/\/edu.rudetings.com\/fr\/wp-json\/wp\/v2\/pages\/2607","targetHints":{"allow":["GET"]}}],"collection":[{"href":"https:\/\/edu.rudetings.com\/fr\/wp-json\/wp\/v2\/pages"}],"about":[{"href":"https:\/\/edu.rudetings.com\/fr\/wp-json\/wp\/v2\/types\/page"}],"author":[{"embeddable":true,"href":"https:\/\/edu.rudetings.com\/fr\/wp-json\/wp\/v2\/users\/25"}],"replies":[{"embeddable":true,"href":"https:\/\/edu.rudetings.com\/fr\/wp-json\/wp\/v2\/comments?post=2607"}],"version-history":[{"count":4,"href":"https:\/\/edu.rudetings.com\/fr\/wp-json\/wp\/v2\/pages\/2607\/revisions"}],"predecessor-version":[{"id":2675,"href":"https:\/\/edu.rudetings.com\/fr\/wp-json\/wp\/v2\/pages\/2607\/revisions\/2675"}],"wp:attachment":[{"href":"https:\/\/edu.rudetings.com\/fr\/wp-json\/wp\/v2\/media?parent=2607"}],"curies":[{"name":"wp","href":"https:\/\/api.w.org\/{rel}","templated":true}]}}