{"id":2612,"date":"2022-01-28T12:54:49","date_gmt":"2022-01-28T12:54:49","guid":{"rendered":"https:\/\/net-academy.co\/refund_returns\/"},"modified":"2023-01-31T14:06:41","modified_gmt":"2023-01-31T14:06:41","slug":"refund_returns","status":"publish","type":"page","link":"https:\/\/edu.rudetings.com\/fr\/refund_returns\/","title":{"rendered":"Refund and Returns Policy"},"content":{"rendered":"\r\n<h1><strong>Politique de remboursement de la Net Academy<\/strong><\/h1>\r\n\r\n\r\n\r\n<p style=\"text-align: center;\"><span data-sheets-value=\"{&quot;1&quot;:2,&quot;2&quot;:&quot;This policy is effective as of 27 January 2022 and was last updated on 27 January 2022.&quot;}\" data-sheets-userformat=\"{&quot;2&quot;:15295,&quot;3&quot;:{&quot;1&quot;:0},&quot;4&quot;:{&quot;1&quot;:2,&quot;2&quot;:16777215},&quot;5&quot;:{&quot;1&quot;:[{&quot;1&quot;:2,&quot;2&quot;:0,&quot;5&quot;:{&quot;1&quot;:2,&quot;2&quot;:15389148}},{&quot;1&quot;:0,&quot;2&quot;:0,&quot;3&quot;:3},{&quot;1&quot;:1,&quot;2&quot;:0,&quot;4&quot;:1}]},&quot;6&quot;:{&quot;1&quot;:[{&quot;1&quot;:2,&quot;2&quot;:0,&quot;5&quot;:{&quot;1&quot;:2,&quot;2&quot;:15389148}},{&quot;1&quot;:0,&quot;2&quot;:0,&quot;3&quot;:3},{&quot;1&quot;:1,&quot;2&quot;:0,&quot;4&quot;:1}]},&quot;7&quot;:{&quot;1&quot;:[{&quot;1&quot;:2,&quot;2&quot;:0,&quot;5&quot;:{&quot;1&quot;:2,&quot;2&quot;:15389148}},{&quot;1&quot;:0,&quot;2&quot;:0,&quot;3&quot;:3},{&quot;1&quot;:1,&quot;2&quot;:0,&quot;4&quot;:1}]},&quot;8&quot;:{&quot;1&quot;:[{&quot;1&quot;:2,&quot;2&quot;:0,&quot;5&quot;:{&quot;1&quot;:2,&quot;2&quot;:15389148}},{&quot;1&quot;:0,&quot;2&quot;:0,&quot;3&quot;:3},{&quot;1&quot;:1,&quot;2&quot;:0,&quot;4&quot;:1}]},&quot;10&quot;:1,&quot;11&quot;:4,&quot;12&quot;:0,&quot;14&quot;:{&quot;1&quot;:3,&quot;3&quot;:1},&quot;15&quot;:&quot;Helvetica Neue&quot;,&quot;16&quot;:9}\"><span style=\"font-weight: 500;\">Derni\u00e8re mise \u00e0 jour :<\/span> 27 January 2023.<\/span><\/p>\r\n\r\n\r\n\r\n<p><span style=\"font-weight: 300;\">Nous vous remercions pour votre achat. Nous esp\u00e9rons que vous \u00eates satisfait de votre achat. Toutefois, si vous n&#8217;\u00eates pas enti\u00e8rement satisfait de votre achat pour quelque raison que ce soit, vous pouvez nous le retourner pour un remboursement complet uniquement. Veuillez voir ci-dessous pour plus d&#8217;informations sur notre politique de remboursement<\/span><span style=\"font-weight: 300;\">.<\/span><\/p>\r\n\r\n\r\n\r\n<h2><strong>Remboursements<\/strong><\/h2>\r\n\r\n\r\n\r\n<p><span style=\"font-weight: 400;\">Tous les remboursements doivent \u00eatre effectu\u00e9s dans les quatorze (14) jours suivant la date d&#8217;achat, le cachet de la poste faisant foi. Tous les articles rembours\u00e9s doivent \u00eatre dans un \u00e9tat neuf et non utilis\u00e9.<\/span><\/p>\r\n\r\n\r\n\r\n<h2><strong>Processus de remboursement<\/strong><\/h2>\r\n<p>\r\n\r\n<\/p>\r\n<p><span style=\"font-weight: 400;\">Apr\u00e8s r\u00e9ception de votre demande par e-mail \u00e0 finance@net-academy.co, nous traiterons votre remboursement. Veuillez pr\u00e9voir au moins trois (3) jours \u00e0 compter de la r\u00e9ception de votre demande pour traiter votre retour.<\/span><\/p>\r\n<p><span style=\"font-weight: 400;\">Les remboursements peuvent prendre 3 \u00e0 4 cycles de facturation pour appara\u00eetre sur votre relev\u00e9 de carte de cr\u00e9dit, selon votre compagnie de carte de cr\u00e9dit.<\/span><\/p>\r\n<h2><strong>Questions<\/strong><\/h2>\r\n<p>\r\n\r\n<\/p>\r\n<p><span style=\"font-weight: 400;\">Si vous avez des questions concernant notre politique de remboursement, veuillez nous contacter \u00e0 l&#8217;adresse suivante :<\/span><\/p>\r\n<p><a href=\"tel:+442045866210\">+44 204 586 6210<\/a><\/p>\r\n<p><a href=\"mailto:support@net-academy.co\">support@net-academy.co<\/a><\/p>\r\n<p>&nbsp;<\/p>\r\n","protected":false},"excerpt":{"rendered":"<p>Politique de remboursement de la Net Academy Derni\u00e8re mise \u00e0 jour : 27 January 2023. Nous vous remercions pour votre achat. Nous esp\u00e9rons que vous \u00eates satisfait de votre achat. Toutefois, si vous n&#8217;\u00eates pas enti\u00e8rement satisfait de votre achat pour quelque raison que ce soit, vous pouvez nous le retourner pour un remboursement complet [&hellip;]<\/p>\n","protected":false},"author":66,"featured_media":0,"parent":0,"menu_order":0,"comment_status":"closed","ping_status":"closed","template":"","meta":{"footnotes":""},"class_list":["post-2612","page","type-page","status-publish","hentry"],"yoast_head":"<!-- This site is optimized with the Yoast SEO plugin v20.0 - https:\/\/yoast.com\/wordpress\/plugins\/seo\/ -->\n<title>Net Academy | Politique de remboursement<\/title>\n<meta name=\"description\" content=\"Veuillez lire cette politique de remboursement pour savoir si vous avez droit \u00e0 un remboursement de votre achat.\" \/>\n<meta name=\"robots\" content=\"noindex, follow, max-snippet:-1, max-image-preview:large, max-video-preview:-1\" \/>\n<meta property=\"og:locale\" content=\"fr_FR\" \/>\n<meta property=\"og:type\" content=\"article\" \/>\n<meta property=\"og:title\" content=\"Net Academy | Politique de remboursement\" \/>\n<meta property=\"og:description\" content=\"Veuillez lire cette politique de remboursement pour savoir si vous avez droit \u00e0 un remboursement de votre achat.\" \/>\n<meta property=\"og:url\" content=\"https:\/\/net-academy.co\/fr\/refund_returns\/\" \/>\n<meta property=\"og:site_name\" content=\"Net Academy\" \/>\n<meta property=\"article:modified_time\" content=\"2023-01-31T14:06:41+00:00\" \/>\n<meta name=\"twitter:card\" content=\"summary_large_image\" \/>\n<meta name=\"twitter:title\" content=\"Net Academy | Politique de remboursement\" \/>\n<meta name=\"twitter:description\" content=\"Veuillez lire cette politique de remboursement pour savoir si vous avez droit \u00e0 un remboursement de votre achat.\" \/>\n<meta name=\"twitter:label1\" content=\"Dur\u00e9e de lecture estim\u00e9e\" \/>\n\t<meta name=\"twitter:data1\" content=\"1 minute\" \/>\n<script type=\"application\/ld+json\" class=\"yoast-schema-graph\">{\"@context\":\"https:\/\/schema.org\",\"@graph\":[{\"@type\":\"WebPage\",\"@id\":\"https:\/\/net-academy.co\/fr\/refund_returns\/\",\"url\":\"https:\/\/net-academy.co\/fr\/refund_returns\/\",\"name\":\"Net Academy | Politique de remboursement\",\"isPartOf\":{\"@id\":\"https:\/\/net-academy.co\/#website\"},\"datePublished\":\"2022-01-28T12:54:49+00:00\",\"dateModified\":\"2023-01-31T14:06:41+00:00\",\"description\":\"Veuillez lire cette politique de remboursement pour savoir si vous avez droit \u00e0 un remboursement de votre achat.\",\"breadcrumb\":{\"@id\":\"https:\/\/net-academy.co\/fr\/refund_returns\/#breadcrumb\"},\"inLanguage\":\"fr-FR\",\"potentialAction\":[{\"@type\":\"ReadAction\",\"target\":[\"https:\/\/net-academy.co\/fr\/refund_returns\/\"]}]},{\"@type\":\"BreadcrumbList\",\"@id\":\"https:\/\/net-academy.co\/fr\/refund_returns\/#breadcrumb\",\"itemListElement\":[{\"@type\":\"ListItem\",\"position\":1,\"name\":\"Home\",\"item\":\"https:\/\/net-academy.co\/fr\/\"},{\"@type\":\"ListItem\",\"position\":2,\"name\":\"Refund and Returns Policy\"}]},{\"@type\":\"WebSite\",\"@id\":\"https:\/\/net-academy.co\/#website\",\"url\":\"https:\/\/net-academy.co\/\",\"name\":\"Net Academy\",\"description\":\"\",\"potentialAction\":[{\"@type\":\"SearchAction\",\"target\":{\"@type\":\"EntryPoint\",\"urlTemplate\":\"https:\/\/net-academy.co\/?s={search_term_string}\"},\"query-input\":\"required name=search_term_string\"}],\"inLanguage\":\"fr-FR\"}]}<\/script>\n<!-- \/ Yoast SEO plugin. -->","yoast_head_json":{"title":"Net Academy | Politique de remboursement","description":"Veuillez lire cette politique de remboursement pour savoir si vous avez droit \u00e0 un remboursement de votre achat.","robots":{"index":"noindex","follow":"follow","max-snippet":"max-snippet:-1","max-image-preview":"max-image-preview:large","max-video-preview":"max-video-preview:-1"},"og_locale":"fr_FR","og_type":"article","og_title":"Net Academy | Politique de remboursement","og_description":"Veuillez lire cette politique de remboursement pour savoir si vous avez droit \u00e0 un remboursement de votre achat.","og_url":"https:\/\/net-academy.co\/fr\/refund_returns\/","og_site_name":"Net Academy","article_modified_time":"2023-01-31T14:06:41+00:00","twitter_card":"summary_large_image","twitter_title":"Net Academy | Politique de remboursement","twitter_description":"Veuillez lire cette politique de remboursement pour savoir si vous avez droit \u00e0 un remboursement de votre achat.","twitter_misc":{"Dur\u00e9e de lecture estim\u00e9e":"1 minute"},"schema":{"@context":"https:\/\/schema.org","@graph":[{"@type":"WebPage","@id":"https:\/\/net-academy.co\/fr\/refund_returns\/","url":"https:\/\/net-academy.co\/fr\/refund_returns\/","name":"Net Academy | Politique de remboursement","isPartOf":{"@id":"https:\/\/net-academy.co\/#website"},"datePublished":"2022-01-28T12:54:49+00:00","dateModified":"2023-01-31T14:06:41+00:00","description":"Veuillez lire cette politique de remboursement pour savoir si vous avez droit \u00e0 un remboursement de votre achat.","breadcrumb":{"@id":"https:\/\/net-academy.co\/fr\/refund_returns\/#breadcrumb"},"inLanguage":"fr-FR","potentialAction":[{"@type":"ReadAction","target":["https:\/\/net-academy.co\/fr\/refund_returns\/"]}]},{"@type":"BreadcrumbList","@id":"https:\/\/net-academy.co\/fr\/refund_returns\/#breadcrumb","itemListElement":[{"@type":"ListItem","position":1,"name":"Home","item":"https:\/\/net-academy.co\/fr\/"},{"@type":"ListItem","position":2,"name":"Refund and Returns Policy"}]},{"@type":"WebSite","@id":"https:\/\/net-academy.co\/#website","url":"https:\/\/net-academy.co\/","name":"Net Academy","description":"","potentialAction":[{"@type":"SearchAction","target":{"@type":"EntryPoint","urlTemplate":"https:\/\/net-academy.co\/?s={search_term_string}"},"query-input":"required name=search_term_string"}],"inLanguage":"fr-FR"}]}},"_links":{"self":[{"href":"https:\/\/edu.rudetings.com\/fr\/wp-json\/wp\/v2\/pages\/2612","targetHints":{"allow":["GET"]}}],"collection":[{"href":"https:\/\/edu.rudetings.com\/fr\/wp-json\/wp\/v2\/pages"}],"about":[{"href":"https:\/\/edu.rudetings.com\/fr\/wp-json\/wp\/v2\/types\/page"}],"author":[{"embeddable":true,"href":"https:\/\/edu.rudetings.com\/fr\/wp-json\/wp\/v2\/users\/66"}],"replies":[{"embeddable":true,"href":"https:\/\/edu.rudetings.com\/fr\/wp-json\/wp\/v2\/comments?post=2612"}],"version-history":[{"count":4,"href":"https:\/\/edu.rudetings.com\/fr\/wp-json\/wp\/v2\/pages\/2612\/revisions"}],"predecessor-version":[{"id":2677,"href":"https:\/\/edu.rudetings.com\/fr\/wp-json\/wp\/v2\/pages\/2612\/revisions\/2677"}],"wp:attachment":[{"href":"https:\/\/edu.rudetings.com\/fr\/wp-json\/wp\/v2\/media?parent=2612"}],"curies":[{"name":"wp","href":"https:\/\/api.w.org\/{rel}","templated":true}]}}