{"id":272,"date":"2022-02-07T10:21:47","date_gmt":"2022-02-07T10:21:47","guid":{"rendered":"https:\/\/net-academy.co\/forgotten-password\/"},"modified":"2023-01-31T13:33:10","modified_gmt":"2023-01-31T13:33:10","slug":"password-reset","status":"publish","type":"page","link":"https:\/\/edu.rudetings.com\/fr\/password-reset\/","title":{"rendered":"Forgotten password"},"content":{"rendered":"","protected":false},"excerpt":{"rendered":"","protected":false},"author":66,"featured_media":0,"parent":0,"menu_order":0,"comment_status":"closed","ping_status":"closed","template":"page-login.php","meta":{"footnotes":""},"class_list":["post-272","page","type-page","status-publish","hentry"],"yoast_head":"<!-- This site is optimized with the Yoast SEO plugin v20.0 - https:\/\/yoast.com\/wordpress\/plugins\/seo\/ -->\n<title>Vous avez oubli\u00e9 votre mot de passe ? R\u00e9initialisez-le ici<\/title>\n<meta name=\"description\" content=\"Si vous avez oubli\u00e9 le mot de passe de votre compte \u00e9tudiant Net Academy, ne vous inqui\u00e9tez pas, vous pouvez le r\u00e9initialiser ici. Vous serez en mesure de vous connecter \u00e0 votre compte dans quelques minutes.\" \/>\n<meta name=\"robots\" content=\"noindex, follow, max-snippet:-1, max-image-preview:large, max-video-preview:-1\" \/>\n<meta property=\"og:locale\" content=\"fr_FR\" \/>\n<meta property=\"og:type\" content=\"article\" \/>\n<meta property=\"og:title\" content=\"Vous avez oubli\u00e9 votre mot de passe ? R\u00e9initialisez-le ici\" \/>\n<meta property=\"og:description\" content=\"Si vous avez oubli\u00e9 le mot de passe de votre compte \u00e9tudiant Net Academy, ne vous inqui\u00e9tez pas, vous pouvez le r\u00e9initialiser ici. Vous serez en mesure de vous connecter \u00e0 votre compte dans quelques minutes.\" \/>\n<meta property=\"og:url\" content=\"https:\/\/net-academy.co\/fr\/password-reset\/\" \/>\n<meta property=\"og:site_name\" content=\"Net Academy\" \/>\n<meta property=\"article:modified_time\" content=\"2023-01-31T13:33:10+00:00\" \/>\n<meta name=\"twitter:card\" content=\"summary_large_image\" \/>\n<meta name=\"twitter:title\" content=\"Vous avez oubli\u00e9 votre mot de passe ? R\u00e9initialisez-le ici\" \/>\n<meta name=\"twitter:description\" content=\"Si vous avez oubli\u00e9 le mot de passe de votre compte \u00e9tudiant Net Academy, ne vous inqui\u00e9tez pas, vous pouvez le r\u00e9initialiser ici. Vous serez en mesure de vous connecter \u00e0 votre compte dans quelques minutes.\" \/>\n<script type=\"application\/ld+json\" class=\"yoast-schema-graph\">{\"@context\":\"https:\/\/schema.org\",\"@graph\":[{\"@type\":\"WebPage\",\"@id\":\"https:\/\/net-academy.co\/fr\/password-reset\/\",\"url\":\"https:\/\/net-academy.co\/fr\/password-reset\/\",\"name\":\"Vous avez oubli\u00e9 votre mot de passe ? R\u00e9initialisez-le ici\",\"isPartOf\":{\"@id\":\"https:\/\/net-academy.co\/#website\"},\"datePublished\":\"2022-02-07T10:21:47+00:00\",\"dateModified\":\"2023-01-31T13:33:10+00:00\",\"description\":\"Si vous avez oubli\u00e9 le mot de passe de votre compte \u00e9tudiant Net Academy, ne vous inqui\u00e9tez pas, vous pouvez le r\u00e9initialiser ici. Vous serez en mesure de vous connecter \u00e0 votre compte dans quelques minutes.\",\"breadcrumb\":{\"@id\":\"https:\/\/net-academy.co\/fr\/password-reset\/#breadcrumb\"},\"inLanguage\":\"fr-FR\",\"potentialAction\":[{\"@type\":\"ReadAction\",\"target\":[\"https:\/\/net-academy.co\/fr\/password-reset\/\"]}]},{\"@type\":\"BreadcrumbList\",\"@id\":\"https:\/\/net-academy.co\/fr\/password-reset\/#breadcrumb\",\"itemListElement\":[{\"@type\":\"ListItem\",\"position\":1,\"name\":\"Home\",\"item\":\"https:\/\/net-academy.co\/fr\/\"},{\"@type\":\"ListItem\",\"position\":2,\"name\":\"Forgotten password\"}]},{\"@type\":\"WebSite\",\"@id\":\"https:\/\/net-academy.co\/#website\",\"url\":\"https:\/\/net-academy.co\/\",\"name\":\"Net Academy\",\"description\":\"\",\"potentialAction\":[{\"@type\":\"SearchAction\",\"target\":{\"@type\":\"EntryPoint\",\"urlTemplate\":\"https:\/\/net-academy.co\/?s={search_term_string}\"},\"query-input\":\"required name=search_term_string\"}],\"inLanguage\":\"fr-FR\"}]}<\/script>\n<!-- \/ Yoast SEO plugin. -->","yoast_head_json":{"title":"Vous avez oubli\u00e9 votre mot de passe ? R\u00e9initialisez-le ici","description":"Si vous avez oubli\u00e9 le mot de passe de votre compte \u00e9tudiant Net Academy, ne vous inqui\u00e9tez pas, vous pouvez le r\u00e9initialiser ici. Vous serez en mesure de vous connecter \u00e0 votre compte dans quelques minutes.","robots":{"index":"noindex","follow":"follow","max-snippet":"max-snippet:-1","max-image-preview":"max-image-preview:large","max-video-preview":"max-video-preview:-1"},"og_locale":"fr_FR","og_type":"article","og_title":"Vous avez oubli\u00e9 votre mot de passe ? R\u00e9initialisez-le ici","og_description":"Si vous avez oubli\u00e9 le mot de passe de votre compte \u00e9tudiant Net Academy, ne vous inqui\u00e9tez pas, vous pouvez le r\u00e9initialiser ici. Vous serez en mesure de vous connecter \u00e0 votre compte dans quelques minutes.","og_url":"https:\/\/net-academy.co\/fr\/password-reset\/","og_site_name":"Net Academy","article_modified_time":"2023-01-31T13:33:10+00:00","twitter_card":"summary_large_image","twitter_title":"Vous avez oubli\u00e9 votre mot de passe ? R\u00e9initialisez-le ici","twitter_description":"Si vous avez oubli\u00e9 le mot de passe de votre compte \u00e9tudiant Net Academy, ne vous inqui\u00e9tez pas, vous pouvez le r\u00e9initialiser ici. Vous serez en mesure de vous connecter \u00e0 votre compte dans quelques minutes.","schema":{"@context":"https:\/\/schema.org","@graph":[{"@type":"WebPage","@id":"https:\/\/net-academy.co\/fr\/password-reset\/","url":"https:\/\/net-academy.co\/fr\/password-reset\/","name":"Vous avez oubli\u00e9 votre mot de passe ? R\u00e9initialisez-le ici","isPartOf":{"@id":"https:\/\/net-academy.co\/#website"},"datePublished":"2022-02-07T10:21:47+00:00","dateModified":"2023-01-31T13:33:10+00:00","description":"Si vous avez oubli\u00e9 le mot de passe de votre compte \u00e9tudiant Net Academy, ne vous inqui\u00e9tez pas, vous pouvez le r\u00e9initialiser ici. Vous serez en mesure de vous connecter \u00e0 votre compte dans quelques minutes.","breadcrumb":{"@id":"https:\/\/net-academy.co\/fr\/password-reset\/#breadcrumb"},"inLanguage":"fr-FR","potentialAction":[{"@type":"ReadAction","target":["https:\/\/net-academy.co\/fr\/password-reset\/"]}]},{"@type":"BreadcrumbList","@id":"https:\/\/net-academy.co\/fr\/password-reset\/#breadcrumb","itemListElement":[{"@type":"ListItem","position":1,"name":"Home","item":"https:\/\/net-academy.co\/fr\/"},{"@type":"ListItem","position":2,"name":"Forgotten password"}]},{"@type":"WebSite","@id":"https:\/\/net-academy.co\/#website","url":"https:\/\/net-academy.co\/","name":"Net Academy","description":"","potentialAction":[{"@type":"SearchAction","target":{"@type":"EntryPoint","urlTemplate":"https:\/\/net-academy.co\/?s={search_term_string}"},"query-input":"required name=search_term_string"}],"inLanguage":"fr-FR"}]}},"_links":{"self":[{"href":"https:\/\/edu.rudetings.com\/fr\/wp-json\/wp\/v2\/pages\/272","targetHints":{"allow":["GET"]}}],"collection":[{"href":"https:\/\/edu.rudetings.com\/fr\/wp-json\/wp\/v2\/pages"}],"about":[{"href":"https:\/\/edu.rudetings.com\/fr\/wp-json\/wp\/v2\/types\/page"}],"author":[{"embeddable":true,"href":"https:\/\/edu.rudetings.com\/fr\/wp-json\/wp\/v2\/users\/66"}],"replies":[{"embeddable":true,"href":"https:\/\/edu.rudetings.com\/fr\/wp-json\/wp\/v2\/comments?post=272"}],"version-history":[{"count":5,"href":"https:\/\/edu.rudetings.com\/fr\/wp-json\/wp\/v2\/pages\/272\/revisions"}],"predecessor-version":[{"id":2662,"href":"https:\/\/edu.rudetings.com\/fr\/wp-json\/wp\/v2\/pages\/272\/revisions\/2662"}],"wp:attachment":[{"href":"https:\/\/edu.rudetings.com\/fr\/wp-json\/wp\/v2\/media?parent=272"}],"curies":[{"name":"wp","href":"https:\/\/api.w.org\/{rel}","templated":true}]}}